{"id":13948,"date":"2025-07-23T10:27:00","date_gmt":"2025-07-23T15:27:00","guid":{"rendered":"https:\/\/temptationcruises.com\/proximos-cruceros\/temptation-grand-cruise-octubre-2026\/entretenimiento\/musica-espectaculos\/"},"modified":"2026-04-15T11:38:33","modified_gmt":"2026-04-15T16:38:33","slug":"musica-espectaculos","status":"publish","type":"page","link":"https:\/\/temptationcruises.com\/es\/proximos-cruceros\/temptation-caribbean-cruise-octubre-2026\/entretenimiento\/musica-espectaculos\/","title":{"rendered":"M\u00daSICA &amp; ESPECT\u00c1CULOS"},"content":{"rendered":"\t\t<div data-elementor-type=\"wp-page\" data-elementor-id=\"13948\" class=\"elementor elementor-13948 elementor-13919\" data-elementor-settings=\"{&quot;ha_cmc_init_switcher&quot;:&quot;no&quot;}\" data-elementor-post-type=\"page\">\n\t\t\t\t<div data-wpr-sticky-section=\"yes\" data-wpr-position-type=\"sticky\" data-wpr-position-offset=\"0\" data-wpr-position-location=\"top\" data-wpr-sticky-devices=\"mobile_sticky tablet_sticky desktop_sticky\" data-wpr-custom-breakpoints=\"default\" data-wpr-active-breakpoints=\"mobile_sticky tablet_sticky desktop_sticky\" data-wpr-z-index=\"10\" data-wpr-sticky-hide=\"\" data-wpr-replace-header=\"no\" data-wpr-animation-duration=\"\" data-wpr-sticky-type=\"fixed\" class=\"elementor-element elementor-element-07db073 e-con-full wpr-sticky-section-yes cruise-menu e-flex wpr-particle-no wpr-jarallax-no wpr-parallax-no wpr-sticky-replace-header-no wpr-sticky-custom-height-no wpr-sticky-custom-colors-no wpr-sticky-scale-logo-no wpr-equal-height-no e-con e-parent\" data-id=\"07db073\" data-element_type=\"container\" data-e-type=\"container\" data-settings=\"{&quot;_ha_eqh_enable&quot;:false,&quot;position_offset&quot;:0,&quot;position_offset_tablet&quot;:0,&quot;position_offset_mobile&quot;:0,&quot;wpr_sticky_effects_offset&quot;:0,&quot;wpr_sticky_effects_offset_tablet&quot;:0,&quot;wpr_sticky_effects_offset_mobile&quot;:0}\">\n\t\t<div class=\"elementor-element elementor-element-81d65a3 e-con-full e-flex wpr-particle-no wpr-jarallax-no wpr-parallax-no wpr-sticky-section-no wpr-equal-height-no e-con e-child\" data-id=\"81d65a3\" data-element_type=\"container\" data-e-type=\"container\" data-settings=\"{&quot;background_background&quot;:&quot;classic&quot;,&quot;_ha_eqh_enable&quot;:false}\">\n\t\t\t\t<div class=\"elementor-element elementor-element-7ac1f5f elementor-nav-menu__align-justify elementor-nav-menu--dropdown-none ha-has-bg-overlay elementor-widget elementor-widget-nav-menu\" data-id=\"7ac1f5f\" data-element_type=\"widget\" data-e-type=\"widget\" data-settings=\"{&quot;layout&quot;:&quot;horizontal&quot;,&quot;submenu_icon&quot;:{&quot;value&quot;:&quot;&lt;svg aria-hidden=\\&quot;true\\&quot; class=\\&quot;e-font-icon-svg e-fas-caret-down\\&quot; viewBox=\\&quot;0 0 320 512\\&quot; xmlns=\\&quot;http:\\\/\\\/www.w3.org\\\/2000\\\/svg\\&quot;&gt;&lt;path d=\\&quot;M31.3 192h257.3c17.8 0 26.7 21.5 14.1 34.1L174.1 354.8c-7.8 7.8-20.5 7.8-28.3 0L17.2 226.1C4.6 213.5 13.5 192 31.3 192z\\&quot;&gt;&lt;\\\/path&gt;&lt;\\\/svg&gt;&quot;,&quot;library&quot;:&quot;fa-solid&quot;}}\" data-widget_type=\"nav-menu.default\">\n\t\t\t\t<div class=\"elementor-widget-container\">\n\t\t\t\t\t\t\t\t<nav aria-label=\"Menu\" class=\"elementor-nav-menu--main elementor-nav-menu__container elementor-nav-menu--layout-horizontal e--pointer-underline e--animation-fade\">\n\t\t\t\t<ul id=\"menu-1-7ac1f5f\" class=\"elementor-nav-menu\"><li class=\"menu-item menu-item-type-post_type menu-item-object-page menu-item-13869\"><a href=\"https:\/\/temptationcruises.com\/es\/proximos-cruceros\/temptation-caribbean-cruise-octubre-2026\/\" class=\"elementor-item\">Oct. 2026<\/a><\/li>\n<li class=\"menu-item menu-item-type-custom menu-item-object-custom menu-item-has-children menu-item-13870\"><a href=\"#\" class=\"elementor-item elementor-item-anchor\">Cabinas &#038; Tarifas<\/a>\n<ul class=\"sub-menu elementor-nav-menu--dropdown\">\n\t<li class=\"menu-item menu-item-type-post_type menu-item-object-page menu-item-14972\"><a href=\"https:\/\/temptationcruises.com\/es\/proximos-cruceros\/temptation-caribbean-cruise-octubre-2026\/cabinas-y-tarifas\/the-haven\/\" class=\"elementor-sub-item\">The Haven<\/a><\/li>\n\t<li class=\"menu-item menu-item-type-post_type menu-item-object-page menu-item-15230\"><a href=\"https:\/\/temptationcruises.com\/es\/proximos-cruceros\/temptation-caribbean-cruise-octubre-2026\/cabinas-y-tarifas\/cabinas\/\" class=\"elementor-sub-item\">Cabinas<\/a><\/li>\n<\/ul>\n<\/li>\n<li class=\"menu-item menu-item-type-custom menu-item-object-custom menu-item-has-children menu-item-13871\"><a href=\"#\" class=\"elementor-item elementor-item-anchor\">Entretenimiento<\/a>\n<ul class=\"sub-menu elementor-nav-menu--dropdown\">\n\t<li class=\"menu-item menu-item-type-post_type menu-item-object-page menu-item-13910\"><a href=\"https:\/\/temptationcruises.com\/es\/proximos-cruceros\/temptation-caribbean-cruise-octubre-2026\/entretenimiento\/talleres\/\" class=\"elementor-sub-item\">Talleres<\/a><\/li>\n\t<li class=\"menu-item menu-item-type-post_type menu-item-object-page menu-item-13952\"><a href=\"https:\/\/temptationcruises.com\/es\/proximos-cruceros\/temptation-caribbean-cruise-octubre-2026\/entretenimiento\/musica-espectaculos\/\" class=\"elementor-sub-item\">M\u00fasica &#038; Espect\u00e1culos<\/a><\/li>\n\t<li class=\"menu-item menu-item-type-post_type menu-item-object-page menu-item-14023\"><a href=\"https:\/\/temptationcruises.com\/es\/proximos-cruceros\/temptation-caribbean-cruise-octubre-2026\/entretenimiento\/fiestas-tema\/\" class=\"elementor-sub-item\">Fiestas Tema<\/a><\/li>\n\t<li class=\"menu-item menu-item-type-post_type menu-item-object-page menu-item-14026\"><a href=\"https:\/\/temptationcruises.com\/es\/proximos-cruceros\/temptation-caribbean-cruise-octubre-2026\/entretenimiento\/actividades-diarias\/\" class=\"elementor-sub-item\">Actividades Diarias<\/a><\/li>\n<\/ul>\n<\/li>\n<li class=\"menu-item menu-item-type-custom menu-item-object-custom menu-item-13872\"><a href=\"https:\/\/booking.original-cruises.com\/Booking\/Reservation\/Start?tripId=5096&#038;language=es\" class=\"elementor-item\" rel=\"nofollow noopener\" target=\"_blank\">RESERVA YA<\/a><\/li>\n<\/ul>\t\t\t<\/nav>\n\t\t\t\t\t\t<nav class=\"elementor-nav-menu--dropdown elementor-nav-menu__container\" aria-hidden=\"true\">\n\t\t\t\t<ul id=\"menu-2-7ac1f5f\" class=\"elementor-nav-menu\"><li class=\"menu-item menu-item-type-post_type menu-item-object-page menu-item-13869\"><a href=\"https:\/\/temptationcruises.com\/es\/proximos-cruceros\/temptation-caribbean-cruise-octubre-2026\/\" class=\"elementor-item\" tabindex=\"-1\">Oct. 2026<\/a><\/li>\n<li class=\"menu-item menu-item-type-custom menu-item-object-custom menu-item-has-children menu-item-13870\"><a href=\"#\" class=\"elementor-item elementor-item-anchor\" tabindex=\"-1\">Cabinas &#038; Tarifas<\/a>\n<ul class=\"sub-menu elementor-nav-menu--dropdown\">\n\t<li class=\"menu-item menu-item-type-post_type menu-item-object-page menu-item-14972\"><a href=\"https:\/\/temptationcruises.com\/es\/proximos-cruceros\/temptation-caribbean-cruise-octubre-2026\/cabinas-y-tarifas\/the-haven\/\" class=\"elementor-sub-item\" tabindex=\"-1\">The Haven<\/a><\/li>\n\t<li class=\"menu-item menu-item-type-post_type menu-item-object-page menu-item-15230\"><a href=\"https:\/\/temptationcruises.com\/es\/proximos-cruceros\/temptation-caribbean-cruise-octubre-2026\/cabinas-y-tarifas\/cabinas\/\" class=\"elementor-sub-item\" tabindex=\"-1\">Cabinas<\/a><\/li>\n<\/ul>\n<\/li>\n<li class=\"menu-item menu-item-type-custom menu-item-object-custom menu-item-has-children menu-item-13871\"><a href=\"#\" class=\"elementor-item elementor-item-anchor\" tabindex=\"-1\">Entretenimiento<\/a>\n<ul class=\"sub-menu elementor-nav-menu--dropdown\">\n\t<li class=\"menu-item menu-item-type-post_type menu-item-object-page menu-item-13910\"><a href=\"https:\/\/temptationcruises.com\/es\/proximos-cruceros\/temptation-caribbean-cruise-octubre-2026\/entretenimiento\/talleres\/\" class=\"elementor-sub-item\" tabindex=\"-1\">Talleres<\/a><\/li>\n\t<li class=\"menu-item menu-item-type-post_type menu-item-object-page menu-item-13952\"><a href=\"https:\/\/temptationcruises.com\/es\/proximos-cruceros\/temptation-caribbean-cruise-octubre-2026\/entretenimiento\/musica-espectaculos\/\" class=\"elementor-sub-item\" tabindex=\"-1\">M\u00fasica &#038; Espect\u00e1culos<\/a><\/li>\n\t<li class=\"menu-item menu-item-type-post_type menu-item-object-page menu-item-14023\"><a href=\"https:\/\/temptationcruises.com\/es\/proximos-cruceros\/temptation-caribbean-cruise-octubre-2026\/entretenimiento\/fiestas-tema\/\" class=\"elementor-sub-item\" tabindex=\"-1\">Fiestas Tema<\/a><\/li>\n\t<li class=\"menu-item menu-item-type-post_type menu-item-object-page menu-item-14026\"><a href=\"https:\/\/temptationcruises.com\/es\/proximos-cruceros\/temptation-caribbean-cruise-octubre-2026\/entretenimiento\/actividades-diarias\/\" class=\"elementor-sub-item\" tabindex=\"-1\">Actividades Diarias<\/a><\/li>\n<\/ul>\n<\/li>\n<li class=\"menu-item menu-item-type-custom menu-item-object-custom menu-item-13872\"><a href=\"https:\/\/booking.original-cruises.com\/Booking\/Reservation\/Start?tripId=5096&#038;language=es\" class=\"elementor-item\" tabindex=\"-1\" rel=\"nofollow noopener\" target=\"_blank\">RESERVA YA<\/a><\/li>\n<\/ul>\t\t\t<\/nav>\n\t\t\t\t\t\t<\/div>\n\t\t\t\t<\/div>\n\t\t\t\t<\/div>\n\t\t\t\t<\/div>\n\t\t<div class=\"elementor-element elementor-element-b3f1dac e-con-full e-flex wpr-particle-no wpr-jarallax-no wpr-parallax-no wpr-sticky-section-no wpr-equal-height-no e-con e-parent\" data-id=\"b3f1dac\" data-element_type=\"container\" data-e-type=\"container\" data-settings=\"{&quot;background_background&quot;:&quot;classic&quot;,&quot;_ha_eqh_enable&quot;:false}\">\n\t\t<div class=\"elementor-element elementor-element-592fc7e e-con-full e-flex wpr-particle-no wpr-jarallax-no wpr-parallax-no wpr-sticky-section-no wpr-equal-height-no e-con e-child\" data-id=\"592fc7e\" data-element_type=\"container\" data-e-type=\"container\" data-settings=\"{&quot;background_background&quot;:&quot;classic&quot;,&quot;_ha_eqh_enable&quot;:false}\">\n\t\t<div class=\"elementor-element elementor-element-0d6fe06 e-con-full e-flex wpr-particle-no wpr-jarallax-no wpr-parallax-no wpr-sticky-section-no wpr-equal-height-no e-con e-child\" data-id=\"0d6fe06\" data-element_type=\"container\" data-e-type=\"container\" data-settings=\"{&quot;_ha_eqh_enable&quot;:false}\">\n\t\t\t\t<div class=\"elementor-element elementor-element-6d6695b elementor-widget elementor-widget-heading\" data-id=\"6d6695b\" data-element_type=\"widget\" data-e-type=\"widget\" data-widget_type=\"heading.default\">\n\t\t\t\t<div class=\"elementor-widget-container\">\n\t\t\t\t\t<h1 class=\"elementor-heading-title elementor-size-default\">M\u00daSICA  &amp; ESPECT\u00c1CULOS<\/h1>\t\t\t\t<\/div>\n\t\t\t\t<\/div>\n\t\t\t\t<\/div>\n\t\t\t\t<\/div>\n\t\t<div class=\"elementor-element elementor-element-b49c56b e-grid e-con-full wpr-particle-no wpr-jarallax-no wpr-parallax-no wpr-sticky-section-no wpr-equal-height-no e-con e-child\" data-id=\"b49c56b\" data-element_type=\"container\" data-e-type=\"container\" data-settings=\"{&quot;_ha_eqh_enable&quot;:false}\">\n\t\t\t\t<\/div>\n\t\t\t\t<\/div>\n\t\t<div class=\"elementor-element elementor-element-0a8bbdb e-flex e-con-boxed wpr-particle-no wpr-jarallax-no wpr-parallax-no wpr-sticky-section-no wpr-equal-height-no e-con e-parent\" data-id=\"0a8bbdb\" data-element_type=\"container\" data-e-type=\"container\" data-settings=\"{&quot;background_background&quot;:&quot;classic&quot;,&quot;_ha_eqh_enable&quot;:false}\">\n\t\t\t\t\t<div class=\"e-con-inner\">\n\t\t<div class=\"elementor-element elementor-element-b9baff4 e-con-full e-flex wpr-particle-no wpr-jarallax-no wpr-parallax-no wpr-sticky-section-no wpr-equal-height-no e-con e-child\" data-id=\"b9baff4\" data-element_type=\"container\" data-e-type=\"container\" data-settings=\"{&quot;_ha_eqh_enable&quot;:false}\">\n\t\t<div class=\"elementor-element elementor-element-2758793 e-con-full e-flex wpr-particle-no wpr-jarallax-no wpr-parallax-no wpr-sticky-section-no wpr-equal-height-no e-con e-child\" data-id=\"2758793\" data-element_type=\"container\" data-e-type=\"container\" data-settings=\"{&quot;background_background&quot;:&quot;classic&quot;,&quot;_ha_eqh_enable&quot;:false}\">\n\t\t<div class=\"elementor-element elementor-element-a11c9c1 e-con-full e-flex wpr-particle-no wpr-jarallax-no wpr-parallax-no wpr-sticky-section-no wpr-equal-height-no e-con e-child\" data-id=\"a11c9c1\" data-element_type=\"container\" data-e-type=\"container\" data-settings=\"{&quot;_ha_eqh_enable&quot;:false}\">\n\t\t\t\t<div class=\"elementor-element elementor-element-56c9630 elementor-widget elementor-widget-text-editor\" data-id=\"56c9630\" data-element_type=\"widget\" data-e-type=\"widget\" data-widget_type=\"text-editor.default\">\n\t\t\t\t<div class=\"elementor-widget-container\">\n\t\t\t\t\t\t\t\t\t<p><span style=\"font-weight: 400;\">Aqu\u00ed no hay ruido de fondo. Nuestros shows en vivo y musical son intensos, atrevidos y dise\u00f1ados para hacerte mover las caderas y dejarte con la boca abierta. Prep\u00e1rate para disfrutar entretenimiento de primer nivel, en primera fila.\u00a0<\/span><\/p>\n\t\t\t\t\t\t\t\t<\/div>\n\t\t\t\t<\/div>\n\t\t\t\t<\/div>\n\t\t\t\t<\/div>\n\t\t\t\t<\/div>\n\t\t\t\t\t<\/div>\n\t\t\t\t<\/div>\n\t\t<div class=\"elementor-element elementor-element-f850efa e-flex e-con-boxed wpr-particle-no wpr-jarallax-no wpr-parallax-no wpr-sticky-section-no wpr-equal-height-no e-con e-parent\" data-id=\"f850efa\" data-element_type=\"container\" data-e-type=\"container\" data-settings=\"{&quot;_ha_eqh_enable&quot;:false}\">\n\t\t\t\t\t<div class=\"e-con-inner\">\n\t\t\t\t<div class=\"elementor-element elementor-element-7373cfd elementor-widget elementor-widget-n-accordion\" data-id=\"7373cfd\" data-element_type=\"widget\" data-e-type=\"widget\" data-settings=\"{&quot;default_state&quot;:&quot;expanded&quot;,&quot;max_items_expended&quot;:&quot;one&quot;,&quot;n_accordion_animation_duration&quot;:{&quot;unit&quot;:&quot;ms&quot;,&quot;size&quot;:400,&quot;sizes&quot;:[]}}\" data-widget_type=\"nested-accordion.default\">\n\t\t\t\t<div class=\"elementor-widget-container\">\n\t\t\t\t\t\t\t<div class=\"e-n-accordion\" aria-label=\"Accordion. Open links with Enter or Space, close with Escape, and navigate with Arrow Keys\">\n\t\t\t\t\t\t<details id=\"e-n-accordion-item-1210\" class=\"e-n-accordion-item\" open>\n\t\t\t\t<summary class=\"e-n-accordion-item-title\" data-accordion-index=\"1\" tabindex=\"0\" aria-expanded=\"true\" aria-controls=\"e-n-accordion-item-1210\" >\n\t\t\t\t\t<span class='e-n-accordion-item-title-header'><div class=\"e-n-accordion-item-title-text\"> DJ's\u200b <\/div><\/span>\n\t\t\t\t\t\t\t<span class='e-n-accordion-item-title-icon'>\n\t\t\t<span class='e-opened' ><svg aria-hidden=\"true\" class=\"e-font-icon-svg e-fas-minus\" viewBox=\"0 0 448 512\" xmlns=\"http:\/\/www.w3.org\/2000\/svg\"><path d=\"M416 208H32c-17.67 0-32 14.33-32 32v32c0 17.67 14.33 32 32 32h384c17.67 0 32-14.33 32-32v-32c0-17.67-14.33-32-32-32z\"><\/path><\/svg><\/span>\n\t\t\t<span class='e-closed'><svg aria-hidden=\"true\" class=\"e-font-icon-svg e-fas-plus\" viewBox=\"0 0 448 512\" xmlns=\"http:\/\/www.w3.org\/2000\/svg\"><path d=\"M416 208H272V64c0-17.67-14.33-32-32-32h-32c-17.67 0-32 14.33-32 32v144H32c-17.67 0-32 14.33-32 32v32c0 17.67 14.33 32 32 32h144v144c0 17.67 14.33 32 32 32h32c17.67 0 32-14.33 32-32V304h144c17.67 0 32-14.33 32-32v-32c0-17.67-14.33-32-32-32z\"><\/path><\/svg><\/span>\n\t\t<\/span>\n\n\t\t\t\t\t\t<\/summary>\n\t\t\t\t<div role=\"region\" aria-labelledby=\"e-n-accordion-item-1210\" class=\"elementor-element elementor-element-634edfd e-con-full e-flex wpr-particle-no wpr-jarallax-no wpr-parallax-no wpr-sticky-section-no wpr-equal-height-no e-con e-child\" data-id=\"634edfd\" data-element_type=\"container\" data-e-type=\"container\" data-settings=\"{&quot;_ha_eqh_enable&quot;:false}\">\n\t\t<div role=\"region\" aria-labelledby=\"e-n-accordion-item-1210\" class=\"elementor-element elementor-element-0566e37 e-flex e-con-boxed wpr-particle-no wpr-jarallax-no wpr-parallax-no wpr-sticky-section-no wpr-equal-height-no e-con e-child\" data-id=\"0566e37\" data-element_type=\"container\" data-e-type=\"container\" data-settings=\"{&quot;_ha_eqh_enable&quot;:false}\">\n\t\t\t\t\t<div class=\"e-con-inner\">\n\t\t\t\t<div class=\"elementor-element elementor-element-ad2b0ba elementor-widget elementor-widget-text-editor\" data-id=\"ad2b0ba\" data-element_type=\"widget\" data-e-type=\"widget\" data-widget_type=\"text-editor.default\">\n\t\t\t\t<div class=\"elementor-widget-container\">\n\t\t\t\t\t\t\t\t\t<p style=\"text-align: center;\"><span style=\"font-weight: 400;\">Subimos el volumen y el ambiente. Nuestros DJs invitados traen beats de todo el mundo para ponerle ritmo a tus noches m\u00e1s memorables en altamar. De d\u00eda o de noche, ellos mantienen la energ\u00eda arriba y la vibra encendida.<br \/>\n<\/span><\/p>\n\t\t\t\t\t\t\t\t<\/div>\n\t\t\t\t<\/div>\n\t\t\t\t\t<\/div>\n\t\t\t\t<\/div>\n\t\t\t\t<\/div>\n\t\t\t\t\t<\/details>\n\t\t\t\t\t<\/div>\n\t\t\t\t\t\t<\/div>\n\t\t\t\t<\/div>\n\t\t\t\t\t<\/div>\n\t\t\t\t<\/div>\n\t\t<div class=\"elementor-element elementor-element-0a6a3e1 e-flex e-con-boxed wpr-particle-no wpr-jarallax-no wpr-parallax-no wpr-sticky-section-no wpr-equal-height-no e-con e-parent\" data-id=\"0a6a3e1\" data-element_type=\"container\" data-e-type=\"container\" data-settings=\"{&quot;_ha_eqh_enable&quot;:false}\">\n\t\t\t\t\t<div class=\"e-con-inner\">\n\t\t\t\t<div class=\"elementor-element elementor-element-6453f7c elementor-widget elementor-widget-spacer\" data-id=\"6453f7c\" data-element_type=\"widget\" data-e-type=\"widget\" data-widget_type=\"spacer.default\">\n\t\t\t\t<div class=\"elementor-widget-container\">\n\t\t\t\t\t\t\t<div class=\"elementor-spacer\">\n\t\t\t<div class=\"elementor-spacer-inner\"><\/div>\n\t\t<\/div>\n\t\t\t\t\t\t<\/div>\n\t\t\t\t<\/div>\n\t\t\t\t\t<\/div>\n\t\t\t\t<\/div>\n\t\t\t\t<\/div>\n\t\t","protected":false},"excerpt":{"rendered":"<p>M\u00daSICA &amp; ESPECT\u00c1CULOS Aqu\u00ed no hay ruido de fondo. Nuestros shows en vivo y musical son intensos, atrevidos y dise\u00f1ados para hacerte mover las caderas y dejarte con la boca abierta. Prep\u00e1rate para disfrutar entretenimiento de primer nivel, en primera fila.\u00a0 DJ&#8217;s\u200b Subimos el volumen y el ambiente. Nuestros DJs invitados traen beats de todo el mundo para ponerle ritmo a tus noches m\u00e1s memorables en altamar. De d\u00eda o de noche, ellos mantienen la energ\u00eda arriba y la vibra encendida. Subimos el volumen y el ambiente. Nuestros DJs invitados traen beats de todo el mundo para ponerle ritmo a tus noches m\u00e1s memorables en altamar. De d\u00eda o de noche, ellos mantienen la energ\u00eda arriba y la vibra encendida.<\/p>\n","protected":false},"author":3,"featured_media":0,"parent":13905,"menu_order":0,"comment_status":"closed","ping_status":"closed","template":"elementor_canvas","meta":{"footnotes":""},"class_list":["post-13948","page","type-page","status-publish","hentry"],"acf":[],"publishpress_future_action":{"enabled":false,"date":"2026-04-27 16:37:07","action":"change-status","newStatus":"draft","terms":[],"taxonomy":"translation_priority","extraData":[]},"publishpress_future_workflow_manual_trigger":{"enabledWorkflows":[]},"_links":{"self":[{"href":"https:\/\/temptationcruises.com\/es\/wp-json\/wp\/v2\/pages\/13948","targetHints":{"allow":["GET"]}}],"collection":[{"href":"https:\/\/temptationcruises.com\/es\/wp-json\/wp\/v2\/pages"}],"about":[{"href":"https:\/\/temptationcruises.com\/es\/wp-json\/wp\/v2\/types\/page"}],"author":[{"embeddable":true,"href":"https:\/\/temptationcruises.com\/es\/wp-json\/wp\/v2\/users\/3"}],"replies":[{"embeddable":true,"href":"https:\/\/temptationcruises.com\/es\/wp-json\/wp\/v2\/comments?post=13948"}],"version-history":[{"count":20,"href":"https:\/\/temptationcruises.com\/es\/wp-json\/wp\/v2\/pages\/13948\/revisions"}],"predecessor-version":[{"id":22736,"href":"https:\/\/temptationcruises.com\/es\/wp-json\/wp\/v2\/pages\/13948\/revisions\/22736"}],"up":[{"embeddable":true,"href":"https:\/\/temptationcruises.com\/es\/wp-json\/wp\/v2\/pages\/13905"}],"wp:attachment":[{"href":"https:\/\/temptationcruises.com\/es\/wp-json\/wp\/v2\/media?parent=13948"}],"curies":[{"name":"wp","href":"https:\/\/api.w.org\/{rel}","templated":true}]}}