{"id":14016,"date":"2025-07-23T07:27:41","date_gmt":"2025-07-23T12:27:41","guid":{"rendered":"https:\/\/temptationcruises.com\/proximos-cruceros\/temptation-grand-cruise-octubre-2026\/entretenimiento\/fiestas-tema\/"},"modified":"2026-04-15T11:40:43","modified_gmt":"2026-04-15T16:40:43","slug":"fiestas-tema","status":"publish","type":"page","link":"https:\/\/temptationcruises.com\/es\/proximos-cruceros\/temptation-caribbean-cruise-octubre-2026\/entretenimiento\/fiestas-tema\/","title":{"rendered":"FIESTAS TEMA"},"content":{"rendered":"\t\t<div data-elementor-type=\"wp-page\" data-elementor-id=\"14016\" class=\"elementor elementor-14016 elementor-13876\" data-elementor-settings=\"{&quot;ha_cmc_init_switcher&quot;:&quot;no&quot;}\" data-elementor-post-type=\"page\">\n\t\t\t\t<div data-wpr-sticky-section=\"yes\" data-wpr-position-type=\"sticky\" data-wpr-position-offset=\"0\" data-wpr-position-location=\"top\" data-wpr-sticky-devices=\"mobile_sticky tablet_sticky desktop_sticky\" data-wpr-custom-breakpoints=\"default\" data-wpr-active-breakpoints=\"mobile_sticky tablet_sticky desktop_sticky\" data-wpr-z-index=\"10\" data-wpr-sticky-hide=\"\" data-wpr-replace-header=\"no\" data-wpr-animation-duration=\"\" data-wpr-sticky-type=\"fixed\" class=\"elementor-element elementor-element-ab14492 e-con-full wpr-sticky-section-yes cruise-menu e-flex wpr-particle-no wpr-jarallax-no wpr-parallax-no wpr-sticky-replace-header-no wpr-sticky-custom-height-no wpr-sticky-custom-colors-no wpr-sticky-scale-logo-no wpr-equal-height-no e-con e-parent\" data-id=\"ab14492\" data-element_type=\"container\" data-e-type=\"container\" data-settings=\"{&quot;_ha_eqh_enable&quot;:false,&quot;position_offset&quot;:0,&quot;position_offset_tablet&quot;:0,&quot;position_offset_mobile&quot;:0,&quot;wpr_sticky_effects_offset&quot;:0,&quot;wpr_sticky_effects_offset_tablet&quot;:0,&quot;wpr_sticky_effects_offset_mobile&quot;:0}\">\n\t\t<div class=\"elementor-element elementor-element-8603902 e-con-full e-flex wpr-particle-no wpr-jarallax-no wpr-parallax-no wpr-sticky-section-no wpr-equal-height-no e-con e-child\" data-id=\"8603902\" data-element_type=\"container\" data-e-type=\"container\" data-settings=\"{&quot;background_background&quot;:&quot;classic&quot;,&quot;_ha_eqh_enable&quot;:false}\">\n\t\t\t\t<div class=\"elementor-element elementor-element-fe1f87a elementor-nav-menu__align-justify elementor-nav-menu--dropdown-none ha-has-bg-overlay elementor-widget elementor-widget-nav-menu\" data-id=\"fe1f87a\" data-element_type=\"widget\" data-e-type=\"widget\" data-settings=\"{&quot;layout&quot;:&quot;horizontal&quot;,&quot;submenu_icon&quot;:{&quot;value&quot;:&quot;&lt;svg aria-hidden=\\&quot;true\\&quot; class=\\&quot;e-font-icon-svg e-fas-caret-down\\&quot; viewBox=\\&quot;0 0 320 512\\&quot; xmlns=\\&quot;http:\\\/\\\/www.w3.org\\\/2000\\\/svg\\&quot;&gt;&lt;path d=\\&quot;M31.3 192h257.3c17.8 0 26.7 21.5 14.1 34.1L174.1 354.8c-7.8 7.8-20.5 7.8-28.3 0L17.2 226.1C4.6 213.5 13.5 192 31.3 192z\\&quot;&gt;&lt;\\\/path&gt;&lt;\\\/svg&gt;&quot;,&quot;library&quot;:&quot;fa-solid&quot;}}\" data-widget_type=\"nav-menu.default\">\n\t\t\t\t<div class=\"elementor-widget-container\">\n\t\t\t\t\t\t\t\t<nav aria-label=\"Menu\" class=\"elementor-nav-menu--main elementor-nav-menu__container elementor-nav-menu--layout-horizontal e--pointer-underline e--animation-fade\">\n\t\t\t\t<ul id=\"menu-1-fe1f87a\" class=\"elementor-nav-menu\"><li class=\"menu-item menu-item-type-post_type menu-item-object-page menu-item-13869\"><a href=\"https:\/\/temptationcruises.com\/es\/proximos-cruceros\/temptation-caribbean-cruise-octubre-2026\/\" class=\"elementor-item\">Oct. 2026<\/a><\/li>\n<li class=\"menu-item menu-item-type-custom menu-item-object-custom menu-item-has-children menu-item-13870\"><a href=\"#\" class=\"elementor-item elementor-item-anchor\">Cabinas &#038; Tarifas<\/a>\n<ul class=\"sub-menu elementor-nav-menu--dropdown\">\n\t<li class=\"menu-item menu-item-type-post_type menu-item-object-page menu-item-14972\"><a href=\"https:\/\/temptationcruises.com\/es\/proximos-cruceros\/temptation-caribbean-cruise-octubre-2026\/cabinas-y-tarifas\/the-haven\/\" class=\"elementor-sub-item\">The Haven<\/a><\/li>\n\t<li class=\"menu-item menu-item-type-post_type menu-item-object-page menu-item-15230\"><a href=\"https:\/\/temptationcruises.com\/es\/proximos-cruceros\/temptation-caribbean-cruise-octubre-2026\/cabinas-y-tarifas\/cabinas\/\" class=\"elementor-sub-item\">Cabinas<\/a><\/li>\n<\/ul>\n<\/li>\n<li class=\"menu-item menu-item-type-custom menu-item-object-custom menu-item-has-children menu-item-13871\"><a href=\"#\" class=\"elementor-item elementor-item-anchor\">Entretenimiento<\/a>\n<ul class=\"sub-menu elementor-nav-menu--dropdown\">\n\t<li class=\"menu-item menu-item-type-post_type menu-item-object-page menu-item-13910\"><a href=\"https:\/\/temptationcruises.com\/es\/proximos-cruceros\/temptation-caribbean-cruise-octubre-2026\/entretenimiento\/talleres\/\" class=\"elementor-sub-item\">Talleres<\/a><\/li>\n\t<li class=\"menu-item menu-item-type-post_type menu-item-object-page menu-item-13952\"><a href=\"https:\/\/temptationcruises.com\/es\/proximos-cruceros\/temptation-caribbean-cruise-octubre-2026\/entretenimiento\/musica-espectaculos\/\" class=\"elementor-sub-item\">M\u00fasica &#038; Espect\u00e1culos<\/a><\/li>\n\t<li class=\"menu-item menu-item-type-post_type menu-item-object-page menu-item-14023\"><a href=\"https:\/\/temptationcruises.com\/es\/proximos-cruceros\/temptation-caribbean-cruise-octubre-2026\/entretenimiento\/fiestas-tema\/\" class=\"elementor-sub-item\">Fiestas Tema<\/a><\/li>\n\t<li class=\"menu-item menu-item-type-post_type menu-item-object-page menu-item-14026\"><a href=\"https:\/\/temptationcruises.com\/es\/proximos-cruceros\/temptation-caribbean-cruise-octubre-2026\/entretenimiento\/actividades-diarias\/\" class=\"elementor-sub-item\">Actividades Diarias<\/a><\/li>\n<\/ul>\n<\/li>\n<li class=\"menu-item menu-item-type-custom menu-item-object-custom menu-item-13872\"><a href=\"https:\/\/booking.original-cruises.com\/Booking\/Reservation\/Start?tripId=5096&#038;language=es\" class=\"elementor-item\" rel=\"nofollow noopener\" target=\"_blank\">RESERVA YA<\/a><\/li>\n<\/ul>\t\t\t<\/nav>\n\t\t\t\t\t\t<nav class=\"elementor-nav-menu--dropdown elementor-nav-menu__container\" aria-hidden=\"true\">\n\t\t\t\t<ul id=\"menu-2-fe1f87a\" class=\"elementor-nav-menu\"><li class=\"menu-item menu-item-type-post_type menu-item-object-page menu-item-13869\"><a href=\"https:\/\/temptationcruises.com\/es\/proximos-cruceros\/temptation-caribbean-cruise-octubre-2026\/\" class=\"elementor-item\" tabindex=\"-1\">Oct. 2026<\/a><\/li>\n<li class=\"menu-item menu-item-type-custom menu-item-object-custom menu-item-has-children menu-item-13870\"><a href=\"#\" class=\"elementor-item elementor-item-anchor\" tabindex=\"-1\">Cabinas &#038; Tarifas<\/a>\n<ul class=\"sub-menu elementor-nav-menu--dropdown\">\n\t<li class=\"menu-item menu-item-type-post_type menu-item-object-page menu-item-14972\"><a href=\"https:\/\/temptationcruises.com\/es\/proximos-cruceros\/temptation-caribbean-cruise-octubre-2026\/cabinas-y-tarifas\/the-haven\/\" class=\"elementor-sub-item\" tabindex=\"-1\">The Haven<\/a><\/li>\n\t<li class=\"menu-item menu-item-type-post_type menu-item-object-page menu-item-15230\"><a href=\"https:\/\/temptationcruises.com\/es\/proximos-cruceros\/temptation-caribbean-cruise-octubre-2026\/cabinas-y-tarifas\/cabinas\/\" class=\"elementor-sub-item\" tabindex=\"-1\">Cabinas<\/a><\/li>\n<\/ul>\n<\/li>\n<li class=\"menu-item menu-item-type-custom menu-item-object-custom menu-item-has-children menu-item-13871\"><a href=\"#\" class=\"elementor-item elementor-item-anchor\" tabindex=\"-1\">Entretenimiento<\/a>\n<ul class=\"sub-menu elementor-nav-menu--dropdown\">\n\t<li class=\"menu-item menu-item-type-post_type menu-item-object-page menu-item-13910\"><a href=\"https:\/\/temptationcruises.com\/es\/proximos-cruceros\/temptation-caribbean-cruise-octubre-2026\/entretenimiento\/talleres\/\" class=\"elementor-sub-item\" tabindex=\"-1\">Talleres<\/a><\/li>\n\t<li class=\"menu-item menu-item-type-post_type menu-item-object-page menu-item-13952\"><a href=\"https:\/\/temptationcruises.com\/es\/proximos-cruceros\/temptation-caribbean-cruise-octubre-2026\/entretenimiento\/musica-espectaculos\/\" class=\"elementor-sub-item\" tabindex=\"-1\">M\u00fasica &#038; Espect\u00e1culos<\/a><\/li>\n\t<li class=\"menu-item menu-item-type-post_type menu-item-object-page menu-item-14023\"><a href=\"https:\/\/temptationcruises.com\/es\/proximos-cruceros\/temptation-caribbean-cruise-octubre-2026\/entretenimiento\/fiestas-tema\/\" class=\"elementor-sub-item\" tabindex=\"-1\">Fiestas Tema<\/a><\/li>\n\t<li class=\"menu-item menu-item-type-post_type menu-item-object-page menu-item-14026\"><a href=\"https:\/\/temptationcruises.com\/es\/proximos-cruceros\/temptation-caribbean-cruise-octubre-2026\/entretenimiento\/actividades-diarias\/\" class=\"elementor-sub-item\" tabindex=\"-1\">Actividades Diarias<\/a><\/li>\n<\/ul>\n<\/li>\n<li class=\"menu-item menu-item-type-custom menu-item-object-custom menu-item-13872\"><a href=\"https:\/\/booking.original-cruises.com\/Booking\/Reservation\/Start?tripId=5096&#038;language=es\" class=\"elementor-item\" tabindex=\"-1\" rel=\"nofollow noopener\" target=\"_blank\">RESERVA YA<\/a><\/li>\n<\/ul>\t\t\t<\/nav>\n\t\t\t\t\t\t<\/div>\n\t\t\t\t<\/div>\n\t\t\t\t<\/div>\n\t\t\t\t<\/div>\n\t\t<div class=\"elementor-element elementor-element-b3f1dac e-con-full e-flex wpr-particle-no wpr-jarallax-no wpr-parallax-no wpr-sticky-section-no wpr-equal-height-no e-con e-parent\" data-id=\"b3f1dac\" data-element_type=\"container\" data-e-type=\"container\" data-settings=\"{&quot;background_background&quot;:&quot;classic&quot;,&quot;_ha_eqh_enable&quot;:false}\">\n\t\t<div class=\"elementor-element elementor-element-592fc7e e-con-full e-flex wpr-particle-no wpr-jarallax-no wpr-parallax-no wpr-sticky-section-no wpr-equal-height-no e-con e-child\" data-id=\"592fc7e\" data-element_type=\"container\" data-e-type=\"container\" data-settings=\"{&quot;background_background&quot;:&quot;classic&quot;,&quot;_ha_eqh_enable&quot;:false}\">\n\t\t<div class=\"elementor-element elementor-element-34227b1 e-con-full e-flex wpr-particle-no wpr-jarallax-no wpr-parallax-no wpr-sticky-section-no wpr-equal-height-no e-con e-child\" data-id=\"34227b1\" data-element_type=\"container\" data-e-type=\"container\" data-settings=\"{&quot;_ha_eqh_enable&quot;:false}\">\n\t\t\t\t<div class=\"elementor-element elementor-element-3ee9b91 elementor-widget elementor-widget-heading\" data-id=\"3ee9b91\" data-element_type=\"widget\" data-e-type=\"widget\" data-widget_type=\"heading.default\">\n\t\t\t\t<div class=\"elementor-widget-container\">\n\t\t\t\t\t<h1 class=\"elementor-heading-title elementor-size-default\">FIESTAS TEMA<\/h1>\t\t\t\t<\/div>\n\t\t\t\t<\/div>\n\t\t\t\t<\/div>\n\t\t\t\t<\/div>\n\t\t<div class=\"elementor-element elementor-element-b49c56b e-grid e-con-full wpr-particle-no wpr-jarallax-no wpr-parallax-no wpr-sticky-section-no wpr-equal-height-no e-con e-child\" data-id=\"b49c56b\" data-element_type=\"container\" data-e-type=\"container\" data-settings=\"{&quot;_ha_eqh_enable&quot;:false}\">\n\t\t\t\t<\/div>\n\t\t\t\t<\/div>\n\t\t<div class=\"elementor-element elementor-element-3044f81 e-flex e-con-boxed wpr-particle-no wpr-jarallax-no wpr-parallax-no wpr-sticky-section-no wpr-equal-height-no e-con e-parent\" data-id=\"3044f81\" data-element_type=\"container\" data-e-type=\"container\" data-settings=\"{&quot;background_background&quot;:&quot;classic&quot;,&quot;_ha_eqh_enable&quot;:false}\">\n\t\t\t\t\t<div class=\"e-con-inner\">\n\t\t<div class=\"elementor-element elementor-element-9398e09 e-con-full e-flex wpr-particle-no wpr-jarallax-no wpr-parallax-no wpr-sticky-section-no wpr-equal-height-no e-con e-child\" data-id=\"9398e09\" data-element_type=\"container\" data-e-type=\"container\" data-settings=\"{&quot;_ha_eqh_enable&quot;:false}\">\n\t\t<div class=\"elementor-element elementor-element-0c1e2d7 e-con-full e-flex wpr-particle-no wpr-jarallax-no wpr-parallax-no wpr-sticky-section-no wpr-equal-height-no e-con e-child\" data-id=\"0c1e2d7\" data-element_type=\"container\" data-e-type=\"container\" data-settings=\"{&quot;background_background&quot;:&quot;classic&quot;,&quot;_ha_eqh_enable&quot;:false}\">\n\t\t<div class=\"elementor-element elementor-element-3de7d72 e-con-full e-flex wpr-particle-no wpr-jarallax-no wpr-parallax-no wpr-sticky-section-no wpr-equal-height-no e-con e-child\" data-id=\"3de7d72\" data-element_type=\"container\" data-e-type=\"container\" data-settings=\"{&quot;_ha_eqh_enable&quot;:false}\">\n\t\t\t\t<div class=\"elementor-element elementor-element-1dfa618 elementor-widget elementor-widget-text-editor\" data-id=\"1dfa618\" data-element_type=\"widget\" data-e-type=\"widget\" data-widget_type=\"text-editor.default\">\n\t\t\t\t<div class=\"elementor-widget-container\">\n\t\t\t\t\t\t\t\t\t<span style=\"font-weight: 400;\">Desde vestuarios creativos hasta noches que no vas a olvidar, nuestras fiestas tema son la excusa perfecta para reinventarte una y otra vez. Sexy, divertidas y 100% inmersivas, solo trae tu mejor outfit y deja que la noche se encargue del resto.\r\n\u00a0<\/span>\t\t\t\t\t\t\t\t<\/div>\n\t\t\t\t<\/div>\n\t\t\t\t<\/div>\n\t\t\t\t<\/div>\n\t\t\t\t<\/div>\n\t\t\t\t\t<\/div>\n\t\t\t\t<\/div>\n\t\t<div class=\"elementor-element elementor-element-2622cd8 e-flex e-con-boxed wpr-particle-no wpr-jarallax-no wpr-parallax-no wpr-sticky-section-no wpr-equal-height-no e-con e-parent\" data-id=\"2622cd8\" data-element_type=\"container\" data-e-type=\"container\" data-settings=\"{&quot;background_background&quot;:&quot;classic&quot;,&quot;_ha_eqh_enable&quot;:false}\">\n\t\t\t\t\t<div class=\"e-con-inner\">\n\t\t\t\t<div class=\"elementor-element elementor-element-2bffd83 elementor-widget__width-initial elementor-widget elementor-widget-heading\" data-id=\"2bffd83\" data-element_type=\"widget\" data-e-type=\"widget\" data-widget_type=\"heading.default\">\n\t\t\t\t<div class=\"elementor-widget-container\">\n\t\t\t\t\t<h2 class=\"elementor-heading-title elementor-size-default\">NOCHES TEMA<\/h2>\t\t\t\t<\/div>\n\t\t\t\t<\/div>\n\t\t<div class=\"elementor-element elementor-element-d853ad0 e-con-full e-flex wpr-particle-no wpr-jarallax-no wpr-parallax-no wpr-sticky-section-no wpr-equal-height-no e-con e-child\" data-id=\"d853ad0\" data-element_type=\"container\" data-e-type=\"container\" data-settings=\"{&quot;_ha_eqh_enable&quot;:false}\">\n\t\t\t\t<div class=\"elementor-element elementor-element-422c71d elementor-widget elementor-widget-text-editor\" data-id=\"422c71d\" data-element_type=\"widget\" data-e-type=\"widget\" data-widget_type=\"text-editor.default\">\n\t\t\t\t<div class=\"elementor-widget-container\">\n\t\t\t\t\t\t\t\t\t<p style=\"text-align: center;\"><span style=\"font-weight: 400;\">Noche tras noche, una nueva fantas\u00eda cobra vida. D\u00e9jate llevar, entra en personaje y permite que la noche te seduzca con estilo inolvidable y pura conexi\u00f3n.<\/span><\/p>\n\t\t\t\t\t\t\t\t<\/div>\n\t\t\t\t<\/div>\n\t\t\t\t<\/div>\n\t\t\t\t\t<\/div>\n\t\t\t\t<\/div>\n\t\t<div class=\"elementor-element elementor-element-83a44d3 e-flex e-con-boxed wpr-particle-no wpr-jarallax-no wpr-parallax-no wpr-sticky-section-no wpr-equal-height-no e-con e-parent\" data-id=\"83a44d3\" data-element_type=\"container\" data-e-type=\"container\" data-settings=\"{&quot;background_background&quot;:&quot;classic&quot;,&quot;_ha_eqh_enable&quot;:false}\">\n\t\t\t\t\t<div class=\"e-con-inner\">\n\t\t\t\t<div class=\"elementor-element elementor-element-0a80eb2 elementor-widget elementor-widget-heading\" data-id=\"0a80eb2\" data-element_type=\"widget\" data-e-type=\"widget\" data-widget_type=\"heading.default\">\n\t\t\t\t<div class=\"elementor-widget-container\">\n\t\t\t\t\t<h2 class=\"elementor-heading-title elementor-size-default\">POOL PARTIES<\/h2>\t\t\t\t<\/div>\n\t\t\t\t<\/div>\n\t\t<div class=\"elementor-element elementor-element-43c6536 e-con-full e-flex wpr-particle-no wpr-jarallax-no wpr-parallax-no wpr-sticky-section-no wpr-equal-height-no e-con e-child\" data-id=\"43c6536\" data-element_type=\"container\" data-e-type=\"container\" data-settings=\"{&quot;_ha_eqh_enable&quot;:false}\">\n\t\t\t\t<div class=\"elementor-element elementor-element-8e361b9 elementor-widget elementor-widget-text-editor\" data-id=\"8e361b9\" data-element_type=\"widget\" data-e-type=\"widget\" data-widget_type=\"text-editor.default\">\n\t\t\t\t<div class=\"elementor-widget-container\">\n\t\t\t\t\t\t\t\t\t<p style=\"text-align: center;\"><span style=\"font-weight: 400;\">Deja que la brisa acaricie tu piel y el ritmo mueva tu cuerpo. Nuestras pool parties son la definici\u00f3n de seducci\u00f3n bajo el sol\u2026 con un toque inolvidable.\r\n<\/span><\/p>\t\t\t\t\t\t\t\t<\/div>\n\t\t\t\t<\/div>\n\t\t\t\t<\/div>\n\t\t\t\t\t<\/div>\n\t\t\t\t<\/div>\n\t\t<div class=\"elementor-element elementor-element-b185b97 e-flex e-con-boxed wpr-particle-no wpr-jarallax-no wpr-parallax-no wpr-sticky-section-no wpr-equal-height-no e-con e-parent\" data-id=\"b185b97\" data-element_type=\"container\" data-e-type=\"container\" data-settings=\"{&quot;background_background&quot;:&quot;classic&quot;,&quot;_ha_eqh_enable&quot;:false}\">\n\t\t\t\t\t<div class=\"e-con-inner\">\n\t\t\t\t\t<\/div>\n\t\t\t\t<\/div>\n\t\t\t\t<\/div>\n\t\t","protected":false},"excerpt":{"rendered":"<p>FIESTAS TEMA Desde vestuarios creativos hasta noches que no vas a olvidar, nuestras fiestas tema son la excusa perfecta para reinventarte una y otra vez. Sexy, divertidas y 100% inmersivas, solo trae tu mejor outfit y deja que la noche se encargue del resto. \u00a0 NOCHES TEMA Noche tras noche, una nueva fantas\u00eda cobra vida. D\u00e9jate llevar, entra en personaje y permite que la noche te seduzca con estilo inolvidable y pura conexi\u00f3n. POOL PARTIES Deja que la brisa acaricie tu piel y el ritmo mueva tu cuerpo. Nuestras pool parties son la definici\u00f3n de seducci\u00f3n bajo el sol\u2026 con un toque inolvidable.<\/p>\n","protected":false},"author":3,"featured_media":0,"parent":13905,"menu_order":0,"comment_status":"closed","ping_status":"closed","template":"elementor_canvas","meta":{"footnotes":""},"class_list":["post-14016","page","type-page","status-publish","hentry"],"acf":[],"publishpress_future_action":{"enabled":false,"date":"2026-04-27 16:21:48","action":"change-status","newStatus":"draft","terms":[],"taxonomy":"translation_priority","extraData":[]},"publishpress_future_workflow_manual_trigger":{"enabledWorkflows":[]},"_links":{"self":[{"href":"https:\/\/temptationcruises.com\/es\/wp-json\/wp\/v2\/pages\/14016","targetHints":{"allow":["GET"]}}],"collection":[{"href":"https:\/\/temptationcruises.com\/es\/wp-json\/wp\/v2\/pages"}],"about":[{"href":"https:\/\/temptationcruises.com\/es\/wp-json\/wp\/v2\/types\/page"}],"author":[{"embeddable":true,"href":"https:\/\/temptationcruises.com\/es\/wp-json\/wp\/v2\/users\/3"}],"replies":[{"embeddable":true,"href":"https:\/\/temptationcruises.com\/es\/wp-json\/wp\/v2\/comments?post=14016"}],"version-history":[{"count":23,"href":"https:\/\/temptationcruises.com\/es\/wp-json\/wp\/v2\/pages\/14016\/revisions"}],"predecessor-version":[{"id":22740,"href":"https:\/\/temptationcruises.com\/es\/wp-json\/wp\/v2\/pages\/14016\/revisions\/22740"}],"up":[{"embeddable":true,"href":"https:\/\/temptationcruises.com\/es\/wp-json\/wp\/v2\/pages\/13905"}],"wp:attachment":[{"href":"https:\/\/temptationcruises.com\/es\/wp-json\/wp\/v2\/media?parent=14016"}],"curies":[{"name":"wp","href":"https:\/\/api.w.org\/{rel}","templated":true}]}}