{"id":17624,"date":"2025-09-17T15:30:17","date_gmt":"2025-09-17T20:30:17","guid":{"rendered":"https:\/\/temptationcruises.com\/fiestas-tema\/"},"modified":"2026-04-15T14:44:42","modified_gmt":"2026-04-15T19:44:42","slug":"fiestas-tema","status":"publish","type":"page","link":"https:\/\/temptationcruises.com\/es\/proximos-cruceros\/temptation-caribbean-cruise-octubre-2027\/entretenimiento\/fiestas-tema\/","title":{"rendered":"FIESTAS TEMA"},"content":{"rendered":"\t\t<div data-elementor-type=\"wp-page\" data-elementor-id=\"17624\" class=\"elementor elementor-17624 elementor-16699\" data-elementor-settings=\"{&quot;ha_cmc_init_switcher&quot;:&quot;no&quot;}\" data-elementor-post-type=\"page\">\n\t\t\t\t<div data-wpr-sticky-section=\"yes\" data-wpr-position-type=\"sticky\" data-wpr-position-offset=\"0\" data-wpr-position-location=\"top\" data-wpr-sticky-devices=\"mobile_sticky tablet_sticky desktop_sticky\" data-wpr-custom-breakpoints=\"default\" data-wpr-active-breakpoints=\"mobile_sticky tablet_sticky desktop_sticky\" data-wpr-z-index=\"10\" data-wpr-sticky-hide=\"\" data-wpr-replace-header=\"no\" data-wpr-animation-duration=\"\" data-wpr-sticky-type=\"fixed\" class=\"elementor-element elementor-element-ab14492 e-con-full wpr-sticky-section-yes cruise-menu e-flex wpr-particle-no wpr-jarallax-no wpr-parallax-no wpr-sticky-replace-header-no wpr-sticky-custom-height-no wpr-sticky-custom-colors-no wpr-sticky-scale-logo-no wpr-equal-height-no e-con e-parent\" data-id=\"ab14492\" data-element_type=\"container\" data-e-type=\"container\" data-settings=\"{&quot;_ha_eqh_enable&quot;:false,&quot;position_offset&quot;:0,&quot;position_offset_tablet&quot;:0,&quot;position_offset_mobile&quot;:0,&quot;wpr_sticky_effects_offset&quot;:0,&quot;wpr_sticky_effects_offset_tablet&quot;:0,&quot;wpr_sticky_effects_offset_mobile&quot;:0}\">\n\t\t<div class=\"elementor-element elementor-element-8603902 e-con-full e-flex wpr-particle-no wpr-jarallax-no wpr-parallax-no wpr-sticky-section-no wpr-equal-height-no e-con e-child\" data-id=\"8603902\" data-element_type=\"container\" data-e-type=\"container\" data-settings=\"{&quot;background_background&quot;:&quot;classic&quot;,&quot;_ha_eqh_enable&quot;:false}\">\n\t\t\t\t<div class=\"elementor-element elementor-element-fe1f87a elementor-nav-menu__align-justify elementor-nav-menu--dropdown-none ha-has-bg-overlay elementor-widget elementor-widget-nav-menu\" data-id=\"fe1f87a\" data-element_type=\"widget\" data-e-type=\"widget\" data-settings=\"{&quot;layout&quot;:&quot;horizontal&quot;,&quot;submenu_icon&quot;:{&quot;value&quot;:&quot;&lt;svg aria-hidden=\\&quot;true\\&quot; class=\\&quot;e-font-icon-svg e-fas-caret-down\\&quot; viewBox=\\&quot;0 0 320 512\\&quot; xmlns=\\&quot;http:\\\/\\\/www.w3.org\\\/2000\\\/svg\\&quot;&gt;&lt;path d=\\&quot;M31.3 192h257.3c17.8 0 26.7 21.5 14.1 34.1L174.1 354.8c-7.8 7.8-20.5 7.8-28.3 0L17.2 226.1C4.6 213.5 13.5 192 31.3 192z\\&quot;&gt;&lt;\\\/path&gt;&lt;\\\/svg&gt;&quot;,&quot;library&quot;:&quot;fa-solid&quot;}}\" data-widget_type=\"nav-menu.default\">\n\t\t\t\t<div class=\"elementor-widget-container\">\n\t\t\t\t\t\t\t\t<nav aria-label=\"Menu\" class=\"elementor-nav-menu--main elementor-nav-menu__container elementor-nav-menu--layout-horizontal e--pointer-underline e--animation-fade\">\n\t\t\t\t<ul id=\"menu-1-fe1f87a\" class=\"elementor-nav-menu\"><li class=\"menu-item menu-item-type-post_type menu-item-object-page menu-item-17798\"><a href=\"https:\/\/temptationcruises.com\/es\/proximos-cruceros\/temptation-caribbean-cruise-octubre-2027\/\" class=\"elementor-item\">Oct 2027<\/a><\/li>\n<li class=\"menu-item menu-item-type-custom menu-item-object-custom menu-item-has-children menu-item-17558\"><a href=\"#\" class=\"elementor-item elementor-item-anchor\">Cabinas &#038; Tarifas<\/a>\n<ul class=\"sub-menu elementor-nav-menu--dropdown\">\n\t<li class=\"menu-item menu-item-type-post_type menu-item-object-page menu-item-17555\"><a href=\"https:\/\/temptationcruises.com\/es\/proximos-cruceros\/temptation-caribbean-cruise-octubre-2027\/cabinas-y-tarifas\/the-haven\/\" class=\"elementor-sub-item\">The Haven<\/a><\/li>\n\t<li class=\"menu-item menu-item-type-post_type menu-item-object-page menu-item-17793\"><a href=\"https:\/\/temptationcruises.com\/es\/proximos-cruceros\/temptation-caribbean-cruise-octubre-2027\/cabinas-y-tarifas\/cabinas\/\" class=\"elementor-sub-item\">Cabinas<\/a><\/li>\n<\/ul>\n<\/li>\n<li class=\"menu-item menu-item-type-custom menu-item-object-custom menu-item-has-children menu-item-17557\"><a href=\"#\" class=\"elementor-item elementor-item-anchor\">Entretenimiento<\/a>\n<ul class=\"sub-menu elementor-nav-menu--dropdown\">\n\t<li class=\"menu-item menu-item-type-post_type menu-item-object-page menu-item-17797\"><a href=\"https:\/\/temptationcruises.com\/es\/proximos-cruceros\/temptation-caribbean-cruise-octubre-2027\/entretenimiento\/talleres\/\" class=\"elementor-sub-item\">Talleres<\/a><\/li>\n\t<li class=\"menu-item menu-item-type-post_type menu-item-object-page menu-item-17796\"><a href=\"https:\/\/temptationcruises.com\/es\/proximos-cruceros\/temptation-caribbean-cruise-octubre-2027\/entretenimiento\/musica-espectaculos\/\" class=\"elementor-sub-item\">M\u00fasica y Espect\u00e1culos<\/a><\/li>\n\t<li class=\"menu-item menu-item-type-post_type menu-item-object-page menu-item-17795\"><a href=\"https:\/\/temptationcruises.com\/es\/proximos-cruceros\/temptation-caribbean-cruise-octubre-2027\/entretenimiento\/fiestas-tema\/\" class=\"elementor-sub-item\">Fiesta Tema<\/a><\/li>\n\t<li class=\"menu-item menu-item-type-post_type menu-item-object-page menu-item-17794\"><a href=\"https:\/\/temptationcruises.com\/es\/proximos-cruceros\/temptation-caribbean-cruise-octubre-2027\/entretenimiento\/actividades-diarias\/\" class=\"elementor-sub-item\">Actividades Diarias<\/a><\/li>\n<\/ul>\n<\/li>\n<li class=\"menu-item menu-item-type-custom menu-item-object-custom menu-item-17559\"><a href=\"https:\/\/original-group.rezmagic.com\/Booking\/Reservation\/Start?tripID=5133&#038;language=es&#038;accesscode=OG2024TEST!\" class=\"elementor-item\" rel=\"nofollow noopener\" target=\"_blank\">RESERVA YA<\/a><\/li>\n<\/ul>\t\t\t<\/nav>\n\t\t\t\t\t\t<nav class=\"elementor-nav-menu--dropdown elementor-nav-menu__container\" aria-hidden=\"true\">\n\t\t\t\t<ul id=\"menu-2-fe1f87a\" class=\"elementor-nav-menu\"><li class=\"menu-item menu-item-type-post_type menu-item-object-page menu-item-17798\"><a href=\"https:\/\/temptationcruises.com\/es\/proximos-cruceros\/temptation-caribbean-cruise-octubre-2027\/\" class=\"elementor-item\" tabindex=\"-1\">Oct 2027<\/a><\/li>\n<li class=\"menu-item menu-item-type-custom menu-item-object-custom menu-item-has-children menu-item-17558\"><a href=\"#\" class=\"elementor-item elementor-item-anchor\" tabindex=\"-1\">Cabinas &#038; Tarifas<\/a>\n<ul class=\"sub-menu elementor-nav-menu--dropdown\">\n\t<li class=\"menu-item menu-item-type-post_type menu-item-object-page menu-item-17555\"><a href=\"https:\/\/temptationcruises.com\/es\/proximos-cruceros\/temptation-caribbean-cruise-octubre-2027\/cabinas-y-tarifas\/the-haven\/\" class=\"elementor-sub-item\" tabindex=\"-1\">The Haven<\/a><\/li>\n\t<li class=\"menu-item menu-item-type-post_type menu-item-object-page menu-item-17793\"><a href=\"https:\/\/temptationcruises.com\/es\/proximos-cruceros\/temptation-caribbean-cruise-octubre-2027\/cabinas-y-tarifas\/cabinas\/\" class=\"elementor-sub-item\" tabindex=\"-1\">Cabinas<\/a><\/li>\n<\/ul>\n<\/li>\n<li class=\"menu-item menu-item-type-custom menu-item-object-custom menu-item-has-children menu-item-17557\"><a href=\"#\" class=\"elementor-item elementor-item-anchor\" tabindex=\"-1\">Entretenimiento<\/a>\n<ul class=\"sub-menu elementor-nav-menu--dropdown\">\n\t<li class=\"menu-item menu-item-type-post_type menu-item-object-page menu-item-17797\"><a href=\"https:\/\/temptationcruises.com\/es\/proximos-cruceros\/temptation-caribbean-cruise-octubre-2027\/entretenimiento\/talleres\/\" class=\"elementor-sub-item\" tabindex=\"-1\">Talleres<\/a><\/li>\n\t<li class=\"menu-item menu-item-type-post_type menu-item-object-page menu-item-17796\"><a href=\"https:\/\/temptationcruises.com\/es\/proximos-cruceros\/temptation-caribbean-cruise-octubre-2027\/entretenimiento\/musica-espectaculos\/\" class=\"elementor-sub-item\" tabindex=\"-1\">M\u00fasica y Espect\u00e1culos<\/a><\/li>\n\t<li class=\"menu-item menu-item-type-post_type menu-item-object-page menu-item-17795\"><a href=\"https:\/\/temptationcruises.com\/es\/proximos-cruceros\/temptation-caribbean-cruise-octubre-2027\/entretenimiento\/fiestas-tema\/\" class=\"elementor-sub-item\" tabindex=\"-1\">Fiesta Tema<\/a><\/li>\n\t<li class=\"menu-item menu-item-type-post_type menu-item-object-page menu-item-17794\"><a href=\"https:\/\/temptationcruises.com\/es\/proximos-cruceros\/temptation-caribbean-cruise-octubre-2027\/entretenimiento\/actividades-diarias\/\" class=\"elementor-sub-item\" tabindex=\"-1\">Actividades Diarias<\/a><\/li>\n<\/ul>\n<\/li>\n<li class=\"menu-item menu-item-type-custom menu-item-object-custom menu-item-17559\"><a href=\"https:\/\/original-group.rezmagic.com\/Booking\/Reservation\/Start?tripID=5133&#038;language=es&#038;accesscode=OG2024TEST!\" class=\"elementor-item\" tabindex=\"-1\" rel=\"nofollow noopener\" target=\"_blank\">RESERVA YA<\/a><\/li>\n<\/ul>\t\t\t<\/nav>\n\t\t\t\t\t\t<\/div>\n\t\t\t\t<\/div>\n\t\t\t\t<\/div>\n\t\t\t\t<\/div>\n\t\t<div class=\"elementor-element elementor-element-b3f1dac e-con-full e-flex wpr-particle-no wpr-jarallax-no wpr-parallax-no wpr-sticky-section-no wpr-equal-height-no e-con e-parent\" data-id=\"b3f1dac\" data-element_type=\"container\" data-e-type=\"container\" data-settings=\"{&quot;background_background&quot;:&quot;classic&quot;,&quot;_ha_eqh_enable&quot;:false}\">\n\t\t<div class=\"elementor-element elementor-element-592fc7e e-con-full e-flex wpr-particle-no wpr-jarallax-no wpr-parallax-no wpr-sticky-section-no wpr-equal-height-no e-con e-child\" data-id=\"592fc7e\" data-element_type=\"container\" data-e-type=\"container\" data-settings=\"{&quot;background_background&quot;:&quot;classic&quot;,&quot;_ha_eqh_enable&quot;:false}\">\n\t\t<div class=\"elementor-element elementor-element-34227b1 e-con-full e-flex wpr-particle-no wpr-jarallax-no wpr-parallax-no wpr-sticky-section-no wpr-equal-height-no e-con e-child\" data-id=\"34227b1\" data-element_type=\"container\" data-e-type=\"container\" data-settings=\"{&quot;_ha_eqh_enable&quot;:false}\">\n\t\t\t\t<div class=\"elementor-element elementor-element-3ee9b91 elementor-widget elementor-widget-heading\" data-id=\"3ee9b91\" data-element_type=\"widget\" data-e-type=\"widget\" data-widget_type=\"heading.default\">\n\t\t\t\t<div class=\"elementor-widget-container\">\n\t\t\t\t\t<h1 class=\"elementor-heading-title elementor-size-default\">FIESTAS TEMA<\/h1>\t\t\t\t<\/div>\n\t\t\t\t<\/div>\n\t\t\t\t<\/div>\n\t\t\t\t<\/div>\n\t\t<div class=\"elementor-element elementor-element-b49c56b e-grid e-con-full wpr-particle-no wpr-jarallax-no wpr-parallax-no wpr-sticky-section-no wpr-equal-height-no e-con e-child\" data-id=\"b49c56b\" data-element_type=\"container\" data-e-type=\"container\" data-settings=\"{&quot;_ha_eqh_enable&quot;:false}\">\n\t\t\t\t<\/div>\n\t\t\t\t<\/div>\n\t\t<div class=\"elementor-element elementor-element-3044f81 e-flex e-con-boxed wpr-particle-no wpr-jarallax-no wpr-parallax-no wpr-sticky-section-no wpr-equal-height-no e-con e-parent\" data-id=\"3044f81\" data-element_type=\"container\" data-e-type=\"container\" data-settings=\"{&quot;background_background&quot;:&quot;classic&quot;,&quot;_ha_eqh_enable&quot;:false}\">\n\t\t\t\t\t<div class=\"e-con-inner\">\n\t\t<div class=\"elementor-element elementor-element-9398e09 e-con-full e-flex wpr-particle-no wpr-jarallax-no wpr-parallax-no wpr-sticky-section-no wpr-equal-height-no e-con e-child\" data-id=\"9398e09\" data-element_type=\"container\" data-e-type=\"container\" data-settings=\"{&quot;_ha_eqh_enable&quot;:false}\">\n\t\t<div class=\"elementor-element elementor-element-0c1e2d7 e-con-full e-flex wpr-particle-no wpr-jarallax-no wpr-parallax-no wpr-sticky-section-no wpr-equal-height-no e-con e-child\" data-id=\"0c1e2d7\" data-element_type=\"container\" data-e-type=\"container\" data-settings=\"{&quot;background_background&quot;:&quot;classic&quot;,&quot;_ha_eqh_enable&quot;:false}\">\n\t\t<div class=\"elementor-element elementor-element-3de7d72 e-con-full e-flex wpr-particle-no wpr-jarallax-no wpr-parallax-no wpr-sticky-section-no wpr-equal-height-no e-con e-child\" data-id=\"3de7d72\" data-element_type=\"container\" data-e-type=\"container\" data-settings=\"{&quot;_ha_eqh_enable&quot;:false}\">\n\t\t\t\t<div class=\"elementor-element elementor-element-1dfa618 elementor-widget elementor-widget-text-editor\" data-id=\"1dfa618\" data-element_type=\"widget\" data-e-type=\"widget\" data-widget_type=\"text-editor.default\">\n\t\t\t\t<div class=\"elementor-widget-container\">\n\t\t\t\t\t\t\t\t\t<p><span style=\"font-weight: 400;\">Crea un outfit \u00fanico para brillar en cada momento. Nuestras fiestas tema son tu pase directo a la fantas\u00eda. Con outfits atrevidos y una vibra sin reglas, cada noche es una excusa para robar miradas, romper rutinas y adue\u00f1arte del escenario.<\/span><\/p>\t\t\t\t\t\t\t\t<\/div>\n\t\t\t\t<\/div>\n\t\t\t\t<\/div>\n\t\t\t\t<\/div>\n\t\t\t\t<\/div>\n\t\t\t\t\t<\/div>\n\t\t\t\t<\/div>\n\t\t<div class=\"elementor-element elementor-element-2622cd8 e-flex e-con-boxed wpr-particle-no wpr-jarallax-no wpr-parallax-no wpr-sticky-section-no wpr-equal-height-no e-con e-parent\" data-id=\"2622cd8\" data-element_type=\"container\" data-e-type=\"container\" data-settings=\"{&quot;background_background&quot;:&quot;classic&quot;,&quot;_ha_eqh_enable&quot;:false}\">\n\t\t\t\t\t<div class=\"e-con-inner\">\n\t\t\t\t<div class=\"elementor-element elementor-element-2bffd83 elementor-widget__width-initial elementor-widget elementor-widget-heading\" data-id=\"2bffd83\" data-element_type=\"widget\" data-e-type=\"widget\" data-widget_type=\"heading.default\">\n\t\t\t\t<div class=\"elementor-widget-container\">\n\t\t\t\t\t<h2 class=\"elementor-heading-title elementor-size-default\">NOCHES TEMA<\/h2>\t\t\t\t<\/div>\n\t\t\t\t<\/div>\n\t\t<div class=\"elementor-element elementor-element-d853ad0 e-con-full e-flex wpr-particle-no wpr-jarallax-no wpr-parallax-no wpr-sticky-section-no wpr-equal-height-no e-con e-child\" data-id=\"d853ad0\" data-element_type=\"container\" data-e-type=\"container\" data-settings=\"{&quot;_ha_eqh_enable&quot;:false}\">\n\t\t\t\t<div class=\"elementor-element elementor-element-422c71d elementor-widget elementor-widget-text-editor\" data-id=\"422c71d\" data-element_type=\"widget\" data-e-type=\"widget\" data-widget_type=\"text-editor.default\">\n\t\t\t\t<div class=\"elementor-widget-container\">\n\t\t\t\t\t\t\t\t\t<center><\/center><p><span style=\"font-weight: 400;\">Cinco noches, cinco formas de divertirse. Este es tu pase a la diversi\u00f3n m\u00e1s ic\u00f3nica en altamar. Cada noche tiene su propia tem\u00e1tica sexy. V\u00edstete atrevidamente, divi\u00e9rtete en tu rol y deja que la noche te sorprenda.<\/span><\/p>\t\t\t\t\t\t\t\t<\/div>\n\t\t\t\t<\/div>\n\t\t\t\t<\/div>\n\t\t\t\t\t<\/div>\n\t\t\t\t<\/div>\n\t\t<div class=\"elementor-element elementor-element-83a44d3 e-flex e-con-boxed wpr-particle-no wpr-jarallax-no wpr-parallax-no wpr-sticky-section-no wpr-equal-height-no e-con e-parent\" data-id=\"83a44d3\" data-element_type=\"container\" data-e-type=\"container\" data-settings=\"{&quot;background_background&quot;:&quot;classic&quot;,&quot;_ha_eqh_enable&quot;:false}\">\n\t\t\t\t\t<div class=\"e-con-inner\">\n\t\t\t\t<div class=\"elementor-element elementor-element-0a80eb2 elementor-widget elementor-widget-heading\" data-id=\"0a80eb2\" data-element_type=\"widget\" data-e-type=\"widget\" data-widget_type=\"heading.default\">\n\t\t\t\t<div class=\"elementor-widget-container\">\n\t\t\t\t\t<h2 class=\"elementor-heading-title elementor-size-default\">POOL PARTIES<\/h2>\t\t\t\t<\/div>\n\t\t\t\t<\/div>\n\t\t<div class=\"elementor-element elementor-element-43c6536 e-con-full e-flex wpr-particle-no wpr-jarallax-no wpr-parallax-no wpr-sticky-section-no wpr-equal-height-no e-con e-child\" data-id=\"43c6536\" data-element_type=\"container\" data-e-type=\"container\" data-settings=\"{&quot;_ha_eqh_enable&quot;:false}\">\n\t\t\t\t<div class=\"elementor-element elementor-element-8e361b9 elementor-widget elementor-widget-text-editor\" data-id=\"8e361b9\" data-element_type=\"widget\" data-e-type=\"widget\" data-widget_type=\"text-editor.default\">\n\t\t\t\t<div class=\"elementor-widget-container\">\n\t\t\t\t\t\t\t\t\t<p><span style=\"font-weight: 400;\">Sin reglas, solo olas de diversi\u00f3n. Nuestras pool parties tem\u00e1ticas en el mar hacen que cada chapuz\u00f3n sea una sensaci\u00f3n emocionante, y lo \u00fanico m\u00e1s energizante que el sol es el ambiente de fiesta en altamar.\u00a0<\/span><\/p>\t\t\t\t\t\t\t\t<\/div>\n\t\t\t\t<\/div>\n\t\t\t\t<\/div>\n\t\t\t\t\t<\/div>\n\t\t\t\t<\/div>\n\t\t<div class=\"elementor-element elementor-element-b185b97 e-flex e-con-boxed wpr-particle-no wpr-jarallax-no wpr-parallax-no wpr-sticky-section-no wpr-equal-height-no e-con e-parent\" data-id=\"b185b97\" data-element_type=\"container\" data-e-type=\"container\" data-settings=\"{&quot;background_background&quot;:&quot;classic&quot;,&quot;_ha_eqh_enable&quot;:false}\">\n\t\t\t\t\t<div class=\"e-con-inner\">\n\t\t\t\t\t<\/div>\n\t\t\t\t<\/div>\n\t\t\t\t<\/div>\n\t\t","protected":false},"excerpt":{"rendered":"<p>FIESTAS TEMA Crea un outfit \u00fanico para brillar en cada momento. Nuestras fiestas tema son tu pase directo a la fantas\u00eda. Con outfits atrevidos y una vibra sin reglas, cada noche es una excusa para robar miradas, romper rutinas y adue\u00f1arte del escenario. NOCHES TEMA Cinco noches, cinco formas de divertirse. Este es tu pase a la diversi\u00f3n m\u00e1s ic\u00f3nica en altamar. Cada noche tiene su propia tem\u00e1tica sexy. V\u00edstete atrevidamente, divi\u00e9rtete en tu rol y deja que la noche te sorprenda. POOL PARTIES Sin reglas, solo olas de diversi\u00f3n. Nuestras pool parties tem\u00e1ticas en el mar hacen que cada chapuz\u00f3n sea una sensaci\u00f3n emocionante, y lo \u00fanico m\u00e1s energizante que el sol es el ambiente de fiesta en altamar.\u00a0<\/p>\n","protected":false},"author":3,"featured_media":0,"parent":17652,"menu_order":0,"comment_status":"closed","ping_status":"closed","template":"elementor_canvas","meta":{"footnotes":""},"class_list":["post-17624","page","type-page","status-publish","hentry"],"acf":[],"publishpress_future_action":{"enabled":false,"date":"2026-04-27 18:19:05","action":"change-status","newStatus":"draft","terms":[],"taxonomy":"translation_priority","extraData":[]},"publishpress_future_workflow_manual_trigger":{"enabledWorkflows":[]},"_links":{"self":[{"href":"https:\/\/temptationcruises.com\/es\/wp-json\/wp\/v2\/pages\/17624","targetHints":{"allow":["GET"]}}],"collection":[{"href":"https:\/\/temptationcruises.com\/es\/wp-json\/wp\/v2\/pages"}],"about":[{"href":"https:\/\/temptationcruises.com\/es\/wp-json\/wp\/v2\/types\/page"}],"author":[{"embeddable":true,"href":"https:\/\/temptationcruises.com\/es\/wp-json\/wp\/v2\/users\/3"}],"replies":[{"embeddable":true,"href":"https:\/\/temptationcruises.com\/es\/wp-json\/wp\/v2\/comments?post=17624"}],"version-history":[{"count":33,"href":"https:\/\/temptationcruises.com\/es\/wp-json\/wp\/v2\/pages\/17624\/revisions"}],"predecessor-version":[{"id":22808,"href":"https:\/\/temptationcruises.com\/es\/wp-json\/wp\/v2\/pages\/17624\/revisions\/22808"}],"up":[{"embeddable":true,"href":"https:\/\/temptationcruises.com\/es\/wp-json\/wp\/v2\/pages\/17652"}],"wp:attachment":[{"href":"https:\/\/temptationcruises.com\/es\/wp-json\/wp\/v2\/media?parent=17624"}],"curies":[{"name":"wp","href":"https:\/\/api.w.org\/{rel}","templated":true}]}}