{"id":22861,"date":"2026-04-15T13:10:33","date_gmt":"2026-04-15T18:10:33","guid":{"rendered":"https:\/\/temptationcruises.com\/por-que-temptation\/cruceros-previos\/temptation-grand-cruise-marao-2026\/"},"modified":"2026-04-17T14:17:18","modified_gmt":"2026-04-17T19:17:18","slug":"temptation-grand-cruise-marao-2026","status":"publish","type":"page","link":"https:\/\/temptationcruises.com\/es\/por-que-temptation\/cruceros-previos\/temptation-grand-cruise-marao-2026\/","title":{"rendered":"Temptation Grand Cruise | Marzo 2026"},"content":{"rendered":"\t\t<div data-elementor-type=\"wp-page\" data-elementor-id=\"22861\" class=\"elementor elementor-22861 elementor-22753\" data-elementor-settings=\"{&quot;ha_cmc_init_switcher&quot;:&quot;no&quot;}\" data-elementor-post-type=\"page\">\n\t\t\t\t<div class=\"elementor-element elementor-element-b3f1dac e-con-full e-flex wpr-particle-no wpr-jarallax-no wpr-parallax-no wpr-sticky-section-no wpr-equal-height-no e-con e-parent\" data-id=\"b3f1dac\" data-element_type=\"container\" data-e-type=\"container\" data-settings=\"{&quot;background_background&quot;:&quot;classic&quot;,&quot;_ha_eqh_enable&quot;:false}\">\n\t\t<div class=\"elementor-element elementor-element-592fc7e e-con-full e-flex wpr-particle-no wpr-jarallax-no wpr-parallax-no wpr-sticky-section-no wpr-equal-height-no e-con e-child\" data-id=\"592fc7e\" data-element_type=\"container\" data-e-type=\"container\" data-settings=\"{&quot;background_background&quot;:&quot;classic&quot;,&quot;_ha_eqh_enable&quot;:false}\">\n\t\t\t\t<\/div>\n\t\t<div class=\"elementor-element elementor-element-b49c56b e-grid e-con-full wpr-particle-no wpr-jarallax-no wpr-parallax-no wpr-sticky-section-no wpr-equal-height-no e-con e-child\" data-id=\"b49c56b\" data-element_type=\"container\" data-e-type=\"container\" data-settings=\"{&quot;_ha_eqh_enable&quot;:false}\">\n\t\t\t\t<\/div>\n\t\t\t\t<\/div>\n\t\t<div class=\"elementor-element elementor-element-eb758c4 e-flex e-con-boxed wpr-particle-no wpr-jarallax-no wpr-parallax-no wpr-sticky-section-no wpr-equal-height-no e-con e-parent\" data-id=\"eb758c4\" data-element_type=\"container\" data-e-type=\"container\" data-settings=\"{&quot;background_background&quot;:&quot;classic&quot;,&quot;_ha_eqh_enable&quot;:false}\">\n\t\t\t\t\t<div class=\"e-con-inner\">\n\t\t<div class=\"elementor-element elementor-element-a7bfc25 e-con-full e-flex wpr-particle-no wpr-jarallax-no wpr-parallax-no wpr-sticky-section-no wpr-equal-height-no e-con e-child\" data-id=\"a7bfc25\" data-element_type=\"container\" data-e-type=\"container\" data-settings=\"{&quot;_ha_eqh_enable&quot;:false}\">\n\t\t<div class=\"elementor-element elementor-element-f6544b9 e-flex e-con-boxed wpr-particle-no wpr-jarallax-no wpr-parallax-no wpr-sticky-section-no wpr-equal-height-no e-con e-child\" data-id=\"f6544b9\" data-element_type=\"container\" data-e-type=\"container\" data-settings=\"{&quot;background_background&quot;:&quot;classic&quot;,&quot;_ha_eqh_enable&quot;:false}\">\n\t\t\t\t\t<div class=\"e-con-inner\">\n\t\t\t\t<div class=\"elementor-element elementor-element-adea50b elementor-widget elementor-widget-heading\" data-id=\"adea50b\" data-element_type=\"widget\" data-e-type=\"widget\" data-widget_type=\"heading.default\">\n\t\t\t\t<div class=\"elementor-widget-container\">\n\t\t\t\t\t<h2 class=\"elementor-heading-title elementor-size-default\">CRUCERO PREVIO<\/h2>\t\t\t\t<\/div>\n\t\t\t\t<\/div>\n\t\t\t\t<div class=\"elementor-element elementor-element-d9129a9 elementor-widget elementor-widget-heading\" data-id=\"d9129a9\" data-element_type=\"widget\" data-e-type=\"widget\" data-widget_type=\"heading.default\">\n\t\t\t\t<div class=\"elementor-widget-container\">\n\t\t\t\t\t<h1 class=\"elementor-heading-title elementor-size-default\">Temptation Grand Cruise<\/h1>\t\t\t\t<\/div>\n\t\t\t\t<\/div>\n\t\t\t\t<div class=\"elementor-element elementor-element-8ccb6b5 elementor-widget elementor-widget-heading\" data-id=\"8ccb6b5\" data-element_type=\"widget\" data-e-type=\"widget\" data-widget_type=\"heading.default\">\n\t\t\t\t<div class=\"elementor-widget-container\">\n\t\t\t\t\t<h2 class=\"elementor-heading-title elementor-size-default\">Marzo 29 \u2013 Abril 3, 2026<\/h2>\t\t\t\t<\/div>\n\t\t\t\t<\/div>\n\t\t<div class=\"elementor-element elementor-element-be9ae63 e-con-full e-flex wpr-particle-no wpr-jarallax-no wpr-parallax-no wpr-sticky-section-no wpr-equal-height-no e-con e-child\" data-id=\"be9ae63\" data-element_type=\"container\" data-e-type=\"container\" data-settings=\"{&quot;_ha_eqh_enable&quot;:false}\">\n\t\t\t\t<div class=\"elementor-element elementor-element-abf3327 elementor-widget elementor-widget-heading\" data-id=\"abf3327\" data-element_type=\"widget\" data-e-type=\"widget\" data-widget_type=\"heading.default\">\n\t\t\t\t<div class=\"elementor-widget-container\">\n\t\t\t\t\t<div class=\"elementor-heading-title elementor-size-default\">MIAMI<\/div>\t\t\t\t<\/div>\n\t\t\t\t<\/div>\n\t\t\t\t<div class=\"elementor-element elementor-element-47e28ca elementor-widget elementor-widget-heading\" data-id=\"47e28ca\" data-element_type=\"widget\" data-e-type=\"widget\" data-widget_type=\"heading.default\">\n\t\t\t\t<div class=\"elementor-widget-container\">\n\t\t\t\t\t<div class=\"elementor-heading-title elementor-size-default\">|<\/div>\t\t\t\t<\/div>\n\t\t\t\t<\/div>\n\t\t\t\t<div class=\"elementor-element elementor-element-5060237 elementor-widget elementor-widget-heading\" data-id=\"5060237\" data-element_type=\"widget\" data-e-type=\"widget\" data-widget_type=\"heading.default\">\n\t\t\t\t<div class=\"elementor-widget-container\">\n\t\t\t\t\t<div class=\"elementor-heading-title elementor-size-default\">COSTA MAYA<\/div>\t\t\t\t<\/div>\n\t\t\t\t<\/div>\n\t\t\t\t<div class=\"elementor-element elementor-element-d745db8 elementor-widget elementor-widget-heading\" data-id=\"d745db8\" data-element_type=\"widget\" data-e-type=\"widget\" data-widget_type=\"heading.default\">\n\t\t\t\t<div class=\"elementor-widget-container\">\n\t\t\t\t\t<div class=\"elementor-heading-title elementor-size-default\">|<\/div>\t\t\t\t<\/div>\n\t\t\t\t<\/div>\n\t\t\t\t<div class=\"elementor-element elementor-element-46e8838 elementor-widget elementor-widget-heading\" data-id=\"46e8838\" data-element_type=\"widget\" data-e-type=\"widget\" data-widget_type=\"heading.default\">\n\t\t\t\t<div class=\"elementor-widget-container\">\n\t\t\t\t\t<div class=\"elementor-heading-title elementor-size-default\">CAYO STIRRUP GRANDE<\/div>\t\t\t\t<\/div>\n\t\t\t\t<\/div>\n\t\t\t\t<div class=\"elementor-element elementor-element-c5bb76a elementor-widget elementor-widget-heading\" data-id=\"c5bb76a\" data-element_type=\"widget\" data-e-type=\"widget\" data-widget_type=\"heading.default\">\n\t\t\t\t<div class=\"elementor-widget-container\">\n\t\t\t\t\t<div class=\"elementor-heading-title elementor-size-default\">|<\/div>\t\t\t\t<\/div>\n\t\t\t\t<\/div>\n\t\t\t\t<div class=\"elementor-element elementor-element-886fa81 elementor-widget elementor-widget-heading\" data-id=\"886fa81\" data-element_type=\"widget\" data-e-type=\"widget\" data-widget_type=\"heading.default\">\n\t\t\t\t<div class=\"elementor-widget-container\">\n\t\t\t\t\t<div class=\"elementor-heading-title elementor-size-default\">MIAMI<\/div>\t\t\t\t<\/div>\n\t\t\t\t<\/div>\n\t\t\t\t<\/div>\n\t\t\t\t\t<\/div>\n\t\t\t\t<\/div>\n\t\t\t\t<\/div>\n\t\t\t\t\t<\/div>\n\t\t\t\t<\/div>\n\t\t<div class=\"elementor-element elementor-element-e1c6b88 e-flex e-con-boxed wpr-particle-no wpr-jarallax-no wpr-parallax-no wpr-sticky-section-no wpr-equal-height-no e-con e-parent\" data-id=\"e1c6b88\" data-element_type=\"container\" data-e-type=\"container\" data-settings=\"{&quot;_ha_eqh_enable&quot;:false}\">\n\t\t\t\t\t<div class=\"e-con-inner\">\n\t\t\t\t<div class=\"elementor-element elementor-element-92b9054 elementor-fixed elementor-align-justify elementor-widget__width-initial elementor-widget elementor-widget-button\" data-id=\"92b9054\" data-element_type=\"widget\" data-e-type=\"widget\" data-settings=\"{&quot;_position&quot;:&quot;fixed&quot;}\" data-widget_type=\"button.default\">\n\t\t\t\t<div class=\"elementor-widget-container\">\n\t\t\t\t\t\t\t\t\t<div class=\"elementor-button-wrapper\">\n\t\t\t\t\t<a class=\"elementor-button elementor-button-link elementor-size-sm\" href=\"https:\/\/temptationcruises.com\/es\/por-que-temptation\/cruceros-previos\/\">\n\t\t\t\t\t\t<span class=\"elementor-button-content-wrapper\">\n\t\t\t\t\t\t<span class=\"elementor-button-icon\">\n\t\t\t\t<i aria-hidden=\"true\" class=\"huge huge-link-backward\"><\/i>\t\t\t<\/span>\n\t\t\t\t\t\t\t\t\t<span class=\"elementor-button-text\">Regresar<\/span>\n\t\t\t\t\t<\/span>\n\t\t\t\t\t<\/a>\n\t\t\t\t<\/div>\n\t\t\t\t\t\t\t\t<\/div>\n\t\t\t\t<\/div>\n\t\t\t\t\t<\/div>\n\t\t\t\t<\/div>\n\t\t<div class=\"elementor-element elementor-element-6c3c2736 e-flex e-con-boxed wpr-particle-no wpr-jarallax-no wpr-parallax-no wpr-sticky-section-no wpr-equal-height-no e-con e-parent\" data-id=\"6c3c2736\" data-element_type=\"container\" data-e-type=\"container\" data-settings=\"{&quot;_ha_eqh_enable&quot;:false}\">\n\t\t\t\t\t<div class=\"e-con-inner\">\n\t\t<div class=\"elementor-element elementor-element-794cf921 e-con-full e-flex wpr-particle-no wpr-jarallax-no wpr-parallax-no wpr-sticky-section-no wpr-equal-height-no e-con e-child\" data-id=\"794cf921\" data-element_type=\"container\" data-e-type=\"container\" data-settings=\"{&quot;_ha_eqh_enable&quot;:false}\">\n\t\t\t\t<div class=\"elementor-element elementor-element-4b6e7a2 elementor-widget elementor-widget-video\" data-id=\"4b6e7a2\" data-element_type=\"widget\" data-e-type=\"widget\" data-settings=\"{&quot;video_type&quot;:&quot;vimeo&quot;}\" data-widget_type=\"video.default\">\n\t\t\t\t<div class=\"elementor-widget-container\">\n\t\t\t\t\t\t\t<div class=\"elementor-wrapper elementor-open-inline\">\n\t\t\t<iframe class=\"elementor-video-iframe\" allowfullscreen allow=\"clipboard-write\" title=\"Reproductor de v\u00eddeo vimeo\" src=\"https:\/\/player.vimeo.com\/video\/1183478331?color&amp;autopause=0&amp;loop=0&amp;muted=0&amp;title=0&amp;portrait=0&amp;byline=0#t=\"><\/iframe>\t\t<\/div>\n\t\t\t\t\t\t<\/div>\n\t\t\t\t<\/div>\n\t\t\t\t<div class=\"elementor-element elementor-element-af49bb4 elementor-widget elementor-widget-text-editor\" data-id=\"af49bb4\" data-element_type=\"widget\" data-e-type=\"widget\" data-widget_type=\"text-editor.default\">\n\t\t\t\t<div class=\"elementor-widget-container\">\n\t\t\t\t\t\t\t\t\t<p><span style=\"font-weight: 400;\">Hola, queridos amigos.\u00a0<\/span><\/p>\n<p><span style=\"font-weight: 400;\">Esta breve nota es para agradecerles por tan fant\u00e1stica semana a bordo de <strong>Temptation Grand Cruise Marzo 2026<\/strong>, que fue simplemente excepcional gracias a ustedes, nuestra gran comunidad.<\/span><\/p>\n<p><span style=\"font-weight: 400;\">Estamos muy conscientes de que en la actualidad hay muchas opciones para realizar\u00a0<\/span><\/p>\n<p><span style=\"font-weight: 400;\">cruceros solo para adultos, pero tenemos la certeza de que ninguna se asemeja a nuestra combinaci\u00f3n perfecta de clima, fiesta, diversi\u00f3n y la mejor comunidad, que crea memorias irrepetibles.<\/span><\/p>\n<p><span style=\"font-weight: 400;\">Cada d\u00eda en la piscina fue \u00fanico con los DJ\u2019s. Las fiestas, los puertos visitados\u2026todo form\u00f3 parte de un crucero inolvidable. A\u00fan cuando el clima intent\u00f3 contener tanta energ\u00eda, el resultado fue espectacular: todo a nuestro paso fue contagiado por la energ\u00eda de los ya famosos y virales<strong> \u201cTemptation Cruisers\u201d<\/strong>.<\/span><\/p>\n<p><span style=\"font-weight: 400;\">Solo me resta agradecerles en nombre de todo el gran equipo, tripulaci\u00f3n y talento que formaron parte de este crucero. Esperamos verlos nuevamente en nuestra pr\u00f3xima traves\u00eda en altamar.<\/span><\/p>\n<p><span style=\"font-weight: 400;\">\u00a0<\/span><\/p>\n<p><span style=\"font-weight: 400;\">\u00a1Gracias!<\/span><\/p>\n<p><span style=\"font-weight: 400;\">\u00a0<\/span><\/p>\n<p><span style=\"font-weight: 400;\">Mario.<\/span><\/p>\n\t\t\t\t\t\t\t\t<\/div>\n\t\t\t\t<\/div>\n\t\t\t\t<\/div>\n\t\t\t\t\t<\/div>\n\t\t\t\t<\/div>\n\t\t\t\t<\/div>\n\t\t","protected":false},"excerpt":{"rendered":"<p>CRUCERO PREVIO Temptation Grand Cruise Marzo 29 \u2013 Abril 3, 2026 MIAMI | COSTA MAYA | CAYO STIRRUP GRANDE | MIAMI Regresar https:\/\/vimeo.com\/1183478331 Hola, queridos amigos.\u00a0 Esta breve nota es para agradecerles por tan fant\u00e1stica semana a bordo de Temptation Grand Cruise Marzo 2026, que fue simplemente excepcional gracias a ustedes, nuestra gran comunidad. Estamos muy conscientes de que en la actualidad hay muchas opciones para realizar\u00a0 cruceros solo para adultos, pero tenemos la certeza de que ninguna se asemeja a nuestra combinaci\u00f3n perfecta de clima, fiesta, diversi\u00f3n y la mejor comunidad, que crea memorias irrepetibles. Cada d\u00eda en la piscina fue \u00fanico con los DJ\u2019s. Las fiestas, los puertos visitados\u2026todo form\u00f3 parte de un crucero inolvidable. A\u00fan cuando el clima intent\u00f3 contener tanta energ\u00eda, el resultado fue espectacular: todo a nuestro paso fue contagiado por la energ\u00eda de los ya famosos y virales \u201cTemptation Cruisers\u201d. Solo me resta agradecerles en nombre de todo el gran equipo, tripulaci\u00f3n y talento que formaron parte de este crucero. Esperamos verlos nuevamente en nuestra pr\u00f3xima traves\u00eda en altamar. \u00a0 \u00a1Gracias! \u00a0 Mario.<\/p>\n","protected":false},"author":3,"featured_media":0,"parent":8832,"menu_order":0,"comment_status":"closed","ping_status":"closed","template":"elementor_canvas","meta":{"footnotes":""},"class_list":["post-22861","page","type-page","status-publish","hentry"],"acf":[],"publishpress_future_action":{"enabled":false,"date":"2026-04-30 12:23:25","action":"change-status","newStatus":"draft","terms":[],"taxonomy":"translation_priority","extraData":[]},"publishpress_future_workflow_manual_trigger":{"enabledWorkflows":[]},"_links":{"self":[{"href":"https:\/\/temptationcruises.com\/es\/wp-json\/wp\/v2\/pages\/22861","targetHints":{"allow":["GET"]}}],"collection":[{"href":"https:\/\/temptationcruises.com\/es\/wp-json\/wp\/v2\/pages"}],"about":[{"href":"https:\/\/temptationcruises.com\/es\/wp-json\/wp\/v2\/types\/page"}],"author":[{"embeddable":true,"href":"https:\/\/temptationcruises.com\/es\/wp-json\/wp\/v2\/users\/3"}],"replies":[{"embeddable":true,"href":"https:\/\/temptationcruises.com\/es\/wp-json\/wp\/v2\/comments?post=22861"}],"version-history":[{"count":14,"href":"https:\/\/temptationcruises.com\/es\/wp-json\/wp\/v2\/pages\/22861\/revisions"}],"predecessor-version":[{"id":22893,"href":"https:\/\/temptationcruises.com\/es\/wp-json\/wp\/v2\/pages\/22861\/revisions\/22893"}],"up":[{"embeddable":true,"href":"https:\/\/temptationcruises.com\/es\/wp-json\/wp\/v2\/pages\/8832"}],"wp:attachment":[{"href":"https:\/\/temptationcruises.com\/es\/wp-json\/wp\/v2\/media?parent=22861"}],"curies":[{"name":"wp","href":"https:\/\/api.w.org\/{rel}","templated":true}]}}