{"id":8835,"date":"2025-06-13T01:47:25","date_gmt":"2025-06-13T01:47:25","guid":{"rendered":"http:\/\/testpunk.mktcruises.com\/why-temptation\/previous-cruises\/temptation-caribbean-cruise-2020\/"},"modified":"2025-06-26T15:57:20","modified_gmt":"2025-06-26T15:57:20","slug":"temptation-caribbean-cruise-2020","status":"publish","type":"page","link":"https:\/\/temptationcruises.com\/es\/por-que-temptation\/cruceros-previos\/temptation-caribbean-cruise-2020\/","title":{"rendered":"Temptation Caribbean Cruise 2020"},"content":{"rendered":"\t\t<div data-elementor-type=\"wp-page\" data-elementor-id=\"8835\" class=\"elementor elementor-8835 elementor-5102\" data-elementor-settings=\"{&quot;ha_cmc_init_switcher&quot;:&quot;no&quot;}\" data-elementor-post-type=\"page\">\n\t\t\t\t<div class=\"elementor-element elementor-element-b3f1dac e-con-full e-flex wpr-particle-no wpr-jarallax-no wpr-parallax-no wpr-sticky-section-no wpr-equal-height-no e-con e-parent\" data-id=\"b3f1dac\" data-element_type=\"container\" data-e-type=\"container\" data-settings=\"{&quot;background_background&quot;:&quot;classic&quot;,&quot;_ha_eqh_enable&quot;:false}\">\n\t\t<div class=\"elementor-element elementor-element-592fc7e e-con-full e-flex wpr-particle-no wpr-jarallax-no wpr-parallax-no wpr-sticky-section-no wpr-equal-height-no e-con e-child\" data-id=\"592fc7e\" data-element_type=\"container\" data-e-type=\"container\" data-settings=\"{&quot;background_background&quot;:&quot;classic&quot;,&quot;_ha_eqh_enable&quot;:false}\">\n\t\t\t\t<\/div>\n\t\t<div class=\"elementor-element elementor-element-b49c56b e-grid e-con-full wpr-particle-no wpr-jarallax-no wpr-parallax-no wpr-sticky-section-no wpr-equal-height-no e-con e-child\" data-id=\"b49c56b\" data-element_type=\"container\" data-e-type=\"container\" data-settings=\"{&quot;_ha_eqh_enable&quot;:false}\">\n\t\t\t\t<\/div>\n\t\t\t\t<\/div>\n\t\t<div class=\"elementor-element elementor-element-eb758c4 e-flex e-con-boxed wpr-particle-no wpr-jarallax-no wpr-parallax-no wpr-sticky-section-no wpr-equal-height-no e-con e-parent\" data-id=\"eb758c4\" data-element_type=\"container\" data-e-type=\"container\" data-settings=\"{&quot;background_background&quot;:&quot;classic&quot;,&quot;_ha_eqh_enable&quot;:false}\">\n\t\t\t\t\t<div class=\"e-con-inner\">\n\t\t<div class=\"elementor-element elementor-element-a7bfc25 e-con-full e-flex wpr-particle-no wpr-jarallax-no wpr-parallax-no wpr-sticky-section-no wpr-equal-height-no e-con e-child\" data-id=\"a7bfc25\" data-element_type=\"container\" data-e-type=\"container\" data-settings=\"{&quot;_ha_eqh_enable&quot;:false}\">\n\t\t<div class=\"elementor-element elementor-element-f6544b9 e-flex e-con-boxed wpr-particle-no wpr-jarallax-no wpr-parallax-no wpr-sticky-section-no wpr-equal-height-no e-con e-child\" data-id=\"f6544b9\" data-element_type=\"container\" data-e-type=\"container\" data-settings=\"{&quot;background_background&quot;:&quot;classic&quot;,&quot;_ha_eqh_enable&quot;:false}\">\n\t\t\t\t\t<div class=\"e-con-inner\">\n\t\t\t\t<div class=\"elementor-element elementor-element-8ccb6b5 elementor-widget elementor-widget-heading\" data-id=\"8ccb6b5\" data-element_type=\"widget\" data-e-type=\"widget\" data-widget_type=\"heading.default\">\n\t\t\t\t<div class=\"elementor-widget-container\">\n\t\t\t\t\t<h2 class=\"elementor-heading-title elementor-size-default\">CRUCERO PREVIO<\/h2>\t\t\t\t<\/div>\n\t\t\t\t<\/div>\n\t\t\t\t<div class=\"elementor-element elementor-element-d9129a9 elementor-widget elementor-widget-heading\" data-id=\"d9129a9\" data-element_type=\"widget\" data-e-type=\"widget\" data-widget_type=\"heading.default\">\n\t\t\t\t<div class=\"elementor-widget-container\">\n\t\t\t\t\t<h1 class=\"elementor-heading-title elementor-size-default\">TEMPTATION CARIBBEAN CRUISE 2020<\/h1>\t\t\t\t<\/div>\n\t\t\t\t<\/div>\n\t\t\t\t\t<\/div>\n\t\t\t\t<\/div>\n\t\t\t\t<\/div>\n\t\t\t\t\t<\/div>\n\t\t\t\t<\/div>\n\t\t<div class=\"elementor-element elementor-element-8924162 e-flex e-con-boxed wpr-particle-no wpr-jarallax-no wpr-parallax-no wpr-sticky-section-no wpr-equal-height-no e-con e-parent\" data-id=\"8924162\" data-element_type=\"container\" data-e-type=\"container\" data-settings=\"{&quot;_ha_eqh_enable&quot;:false}\">\n\t\t\t\t\t<div class=\"e-con-inner\">\n\t\t<div class=\"elementor-element elementor-element-56fdbc7 e-con-full e-flex wpr-particle-no wpr-jarallax-no wpr-parallax-no wpr-sticky-section-no wpr-equal-height-no e-con e-child\" data-id=\"56fdbc7\" data-element_type=\"container\" data-e-type=\"container\" data-settings=\"{&quot;_ha_eqh_enable&quot;:false}\">\n\t\t\t\t<div class=\"elementor-element elementor-element-f3ecb14 elementor-widget elementor-widget-text-editor\" data-id=\"f3ecb14\" data-element_type=\"widget\" data-e-type=\"widget\" data-widget_type=\"text-editor.default\">\n\t\t\t\t<div class=\"elementor-widget-container\">\n\t\t\t\t\t\t\t\t\t<p><span style=\"font-weight: 400;\">\u00a1GRACIAS POR UN CRUCERO INCRE\u00cdBLE!<\/span><\/p><p><span style=\"font-weight: 400;\">\u00a1No podr\u00edamos haberlo hecho sin ustedes! Queremos dar las gracias a los m\u00e1s de 2.500 pasajeros fiesteros y a la carism\u00e1tica tripulaci\u00f3n. Nuestro primer Crucero Temptation Caribbean Cruise fue un gran \u00e9xito y una aventura \u00e9pica que quedar\u00e1 grabada para siempre en los libros de historia.<\/span><\/p><p><span style=\"font-weight: 400;\">Este viaje ofreci\u00f3 picantes caracter\u00edsticas exclusivas del crucero que s\u00f3lo pueden disfrutarse a bordo. Nuestros sensuales marineros disfrutaron de atrevidas actividades durante el d\u00eda, fiestas en la piscina fuera de lo com\u00fan, m\u00fasica a cargo de incre\u00edbles DJs, ardientes talleres, una Sala Roja con clasificaci\u00f3n R, picantes noches tema, actuaciones VIP, \u00a1y mucho, mucho m\u00e1s!<\/span><\/p><p><span style=\"font-weight: 400;\">La fiesta no ha terminado, nuestro pr\u00f3ximo viaje est\u00e1 a la vuelta de la esquina y estamos deseando verte a bordo. Hasta pronto.<\/span><span style=\"font-weight: 400;\">\u00a0<\/span><\/p><p><span style=\"font-weight: 400;\">Y recuerda: \u00a1lo que pas\u00f3 a bordo, se queda a bordo!<\/span><\/p>\t\t\t\t\t\t\t\t<\/div>\n\t\t\t\t<\/div>\n\t\t\t\t<\/div>\n\t\t\t\t\t<\/div>\n\t\t\t\t<\/div>\n\t\t<div class=\"elementor-element elementor-element-3c11154 e-flex e-con-boxed wpr-particle-no wpr-jarallax-no wpr-parallax-no wpr-sticky-section-no wpr-equal-height-no e-con e-parent\" data-id=\"3c11154\" data-element_type=\"container\" data-e-type=\"container\" data-settings=\"{&quot;_ha_eqh_enable&quot;:false}\">\n\t\t\t\t\t<div class=\"e-con-inner\">\n\t\t\t\t<div class=\"elementor-element elementor-element-5d35c5d elementor-widget elementor-widget-gallery\" data-id=\"5d35c5d\" data-element_type=\"widget\" data-e-type=\"widget\" data-settings=\"{&quot;gallery_layout&quot;:&quot;masonry&quot;,&quot;columns_mobile&quot;:2,&quot;gap&quot;:{&quot;unit&quot;:&quot;px&quot;,&quot;size&quot;:3,&quot;sizes&quot;:[]},&quot;gap_mobile&quot;:{&quot;unit&quot;:&quot;px&quot;,&quot;size&quot;:2,&quot;sizes&quot;:[]},&quot;lazyload&quot;:&quot;yes&quot;,&quot;columns&quot;:4,&quot;columns_tablet&quot;:2,&quot;gap_tablet&quot;:{&quot;unit&quot;:&quot;px&quot;,&quot;size&quot;:10,&quot;sizes&quot;:[]},&quot;link_to&quot;:&quot;file&quot;,&quot;content_hover_animation&quot;:&quot;fade-in&quot;}\" data-widget_type=\"gallery.default\">\n\t\t\t\t<div class=\"elementor-widget-container\">\n\t\t\t\t\t\t\t<div class=\"elementor-gallery__container\">\n\t\t\t\t\t\t\t<a class=\"e-gallery-item elementor-gallery-item elementor-animated-content\" href=\"https:\/\/temptationcruises.com\/wp-content\/uploads\/2025\/06\/TCC2020_Cruises_Cierre_Gallery15-800x600px.webp\" data-elementor-open-lightbox=\"yes\" data-elementor-lightbox-slideshow=\"5d35c5d\" data-elementor-lightbox-title=\"TCC2020_Cruises_Cierre_Gallery15-800x600px\" data-e-action-hash=\"#elementor-action%3Aaction%3Dlightbox%26settings%3DeyJpZCI6NTIwMCwidXJsIjoiaHR0cHM6XC9cL3RlbXB0YXRpb25jcnVpc2VzLmNvbVwvd3AtY29udGVudFwvdXBsb2Fkc1wvMjAyNVwvMDZcL1RDQzIwMjBfQ3J1aXNlc19DaWVycmVfR2FsbGVyeTE1LTgwMHg2MDBweC53ZWJwIiwic2xpZGVzaG93IjoiNWQzNWM1ZCJ9\">\n\t\t\t\t\t<div class=\"e-gallery-image elementor-gallery-item__image\" data-thumbnail=\"https:\/\/temptationcruises.com\/wp-content\/uploads\/2025\/06\/TCC2020_Cruises_Cierre_Gallery15-800x600px-300x225.webp\" data-width=\"300\" data-height=\"225\" aria-label=\"\" role=\"img\" ><\/div>\n\t\t\t\t\t\t\t\t\t\t\t\t\t\t<\/a>\n\t\t\t\t\t\t\t<a class=\"e-gallery-item elementor-gallery-item elementor-animated-content\" href=\"https:\/\/temptationcruises.com\/wp-content\/uploads\/2025\/06\/TCC2020_Cruises_Cierre_Gallery14-800x600px.webp\" data-elementor-open-lightbox=\"yes\" data-elementor-lightbox-slideshow=\"5d35c5d\" data-elementor-lightbox-title=\"TCC2020_Cruises_Cierre_Gallery14-800x600px\" data-e-action-hash=\"#elementor-action%3Aaction%3Dlightbox%26settings%3DeyJpZCI6NTIwMSwidXJsIjoiaHR0cHM6XC9cL3RlbXB0YXRpb25jcnVpc2VzLmNvbVwvd3AtY29udGVudFwvdXBsb2Fkc1wvMjAyNVwvMDZcL1RDQzIwMjBfQ3J1aXNlc19DaWVycmVfR2FsbGVyeTE0LTgwMHg2MDBweC53ZWJwIiwic2xpZGVzaG93IjoiNWQzNWM1ZCJ9\">\n\t\t\t\t\t<div class=\"e-gallery-image elementor-gallery-item__image\" data-thumbnail=\"https:\/\/temptationcruises.com\/wp-content\/uploads\/2025\/06\/TCC2020_Cruises_Cierre_Gallery14-800x600px-300x225.webp\" data-width=\"300\" data-height=\"225\" aria-label=\"\" role=\"img\" ><\/div>\n\t\t\t\t\t\t\t\t\t\t\t\t\t\t<\/a>\n\t\t\t\t\t\t\t<a class=\"e-gallery-item elementor-gallery-item elementor-animated-content\" href=\"https:\/\/temptationcruises.com\/wp-content\/uploads\/2025\/06\/TCC2020_Cruises_Cierre_Gallery13-800x600px.webp\" data-elementor-open-lightbox=\"yes\" data-elementor-lightbox-slideshow=\"5d35c5d\" data-elementor-lightbox-title=\"TCC2020_Cruises_Cierre_Gallery13-800x600px\" data-e-action-hash=\"#elementor-action%3Aaction%3Dlightbox%26settings%3DeyJpZCI6NTIwMiwidXJsIjoiaHR0cHM6XC9cL3RlbXB0YXRpb25jcnVpc2VzLmNvbVwvd3AtY29udGVudFwvdXBsb2Fkc1wvMjAyNVwvMDZcL1RDQzIwMjBfQ3J1aXNlc19DaWVycmVfR2FsbGVyeTEzLTgwMHg2MDBweC53ZWJwIiwic2xpZGVzaG93IjoiNWQzNWM1ZCJ9\">\n\t\t\t\t\t<div class=\"e-gallery-image elementor-gallery-item__image\" data-thumbnail=\"https:\/\/temptationcruises.com\/wp-content\/uploads\/2025\/06\/TCC2020_Cruises_Cierre_Gallery13-800x600px-300x225.webp\" data-width=\"300\" data-height=\"225\" aria-label=\"\" role=\"img\" ><\/div>\n\t\t\t\t\t\t\t\t\t\t\t\t\t\t<\/a>\n\t\t\t\t\t\t\t<a class=\"e-gallery-item elementor-gallery-item elementor-animated-content\" href=\"https:\/\/temptationcruises.com\/wp-content\/uploads\/2025\/06\/TCC2020_Cruises_Cierre_Gallery12-800x600px.webp\" data-elementor-open-lightbox=\"yes\" data-elementor-lightbox-slideshow=\"5d35c5d\" data-elementor-lightbox-title=\"TCC2020_Cruises_Cierre_Gallery12-800x600px\" data-e-action-hash=\"#elementor-action%3Aaction%3Dlightbox%26settings%3DeyJpZCI6NTIwMywidXJsIjoiaHR0cHM6XC9cL3RlbXB0YXRpb25jcnVpc2VzLmNvbVwvd3AtY29udGVudFwvdXBsb2Fkc1wvMjAyNVwvMDZcL1RDQzIwMjBfQ3J1aXNlc19DaWVycmVfR2FsbGVyeTEyLTgwMHg2MDBweC53ZWJwIiwic2xpZGVzaG93IjoiNWQzNWM1ZCJ9\">\n\t\t\t\t\t<div class=\"e-gallery-image elementor-gallery-item__image\" data-thumbnail=\"https:\/\/temptationcruises.com\/wp-content\/uploads\/2025\/06\/TCC2020_Cruises_Cierre_Gallery12-800x600px-300x225.webp\" data-width=\"300\" data-height=\"225\" aria-label=\"\" role=\"img\" ><\/div>\n\t\t\t\t\t\t\t\t\t\t\t\t\t\t<\/a>\n\t\t\t\t\t\t\t<a class=\"e-gallery-item elementor-gallery-item elementor-animated-content\" href=\"https:\/\/temptationcruises.com\/wp-content\/uploads\/2025\/06\/TCC2020_Cruises_Cierre_Gallery11-800x600px.webp\" data-elementor-open-lightbox=\"yes\" data-elementor-lightbox-slideshow=\"5d35c5d\" data-elementor-lightbox-title=\"TCC2020_Cruises_Cierre_Gallery11-800x600px\" data-e-action-hash=\"#elementor-action%3Aaction%3Dlightbox%26settings%3DeyJpZCI6NTIwNCwidXJsIjoiaHR0cHM6XC9cL3RlbXB0YXRpb25jcnVpc2VzLmNvbVwvd3AtY29udGVudFwvdXBsb2Fkc1wvMjAyNVwvMDZcL1RDQzIwMjBfQ3J1aXNlc19DaWVycmVfR2FsbGVyeTExLTgwMHg2MDBweC53ZWJwIiwic2xpZGVzaG93IjoiNWQzNWM1ZCJ9\">\n\t\t\t\t\t<div class=\"e-gallery-image elementor-gallery-item__image\" data-thumbnail=\"https:\/\/temptationcruises.com\/wp-content\/uploads\/2025\/06\/TCC2020_Cruises_Cierre_Gallery11-800x600px-300x225.webp\" data-width=\"300\" data-height=\"225\" aria-label=\"\" role=\"img\" ><\/div>\n\t\t\t\t\t\t\t\t\t\t\t\t\t\t<\/a>\n\t\t\t\t\t\t\t<a class=\"e-gallery-item elementor-gallery-item elementor-animated-content\" href=\"https:\/\/temptationcruises.com\/wp-content\/uploads\/2025\/06\/TCC2020_Cruises_Cierre_Gallery10-800x600px.webp\" data-elementor-open-lightbox=\"yes\" data-elementor-lightbox-slideshow=\"5d35c5d\" data-elementor-lightbox-title=\"TCC2020_Cruises_Cierre_Gallery10-800x600px\" data-e-action-hash=\"#elementor-action%3Aaction%3Dlightbox%26settings%3DeyJpZCI6NTIwNSwidXJsIjoiaHR0cHM6XC9cL3RlbXB0YXRpb25jcnVpc2VzLmNvbVwvd3AtY29udGVudFwvdXBsb2Fkc1wvMjAyNVwvMDZcL1RDQzIwMjBfQ3J1aXNlc19DaWVycmVfR2FsbGVyeTEwLTgwMHg2MDBweC53ZWJwIiwic2xpZGVzaG93IjoiNWQzNWM1ZCJ9\">\n\t\t\t\t\t<div class=\"e-gallery-image elementor-gallery-item__image\" data-thumbnail=\"https:\/\/temptationcruises.com\/wp-content\/uploads\/2025\/06\/TCC2020_Cruises_Cierre_Gallery10-800x600px-300x225.webp\" data-width=\"300\" data-height=\"225\" aria-label=\"\" role=\"img\" ><\/div>\n\t\t\t\t\t\t\t\t\t\t\t\t\t\t<\/a>\n\t\t\t\t\t\t\t<a class=\"e-gallery-item elementor-gallery-item elementor-animated-content\" href=\"https:\/\/temptationcruises.com\/wp-content\/uploads\/2025\/06\/TCC2020_Cruises_Cierre_Gallery09-800x600px.webp\" data-elementor-open-lightbox=\"yes\" data-elementor-lightbox-slideshow=\"5d35c5d\" data-elementor-lightbox-title=\"TCC2020_Cruises_Cierre_Gallery09-800x600px\" data-e-action-hash=\"#elementor-action%3Aaction%3Dlightbox%26settings%3DeyJpZCI6NTIwNiwidXJsIjoiaHR0cHM6XC9cL3RlbXB0YXRpb25jcnVpc2VzLmNvbVwvd3AtY29udGVudFwvdXBsb2Fkc1wvMjAyNVwvMDZcL1RDQzIwMjBfQ3J1aXNlc19DaWVycmVfR2FsbGVyeTA5LTgwMHg2MDBweC53ZWJwIiwic2xpZGVzaG93IjoiNWQzNWM1ZCJ9\">\n\t\t\t\t\t<div class=\"e-gallery-image elementor-gallery-item__image\" data-thumbnail=\"https:\/\/temptationcruises.com\/wp-content\/uploads\/2025\/06\/TCC2020_Cruises_Cierre_Gallery09-800x600px-300x225.webp\" data-width=\"300\" data-height=\"225\" aria-label=\"\" role=\"img\" ><\/div>\n\t\t\t\t\t\t\t\t\t\t\t\t\t\t<\/a>\n\t\t\t\t\t\t\t<a class=\"e-gallery-item elementor-gallery-item elementor-animated-content\" href=\"https:\/\/temptationcruises.com\/wp-content\/uploads\/2025\/06\/TCC2020_Cruises_Cierre_Gallery08-800x600px.webp\" data-elementor-open-lightbox=\"yes\" data-elementor-lightbox-slideshow=\"5d35c5d\" data-elementor-lightbox-title=\"TCC2020_Cruises_Cierre_Gallery08-800x600px\" data-e-action-hash=\"#elementor-action%3Aaction%3Dlightbox%26settings%3DeyJpZCI6NTIwNywidXJsIjoiaHR0cHM6XC9cL3RlbXB0YXRpb25jcnVpc2VzLmNvbVwvd3AtY29udGVudFwvdXBsb2Fkc1wvMjAyNVwvMDZcL1RDQzIwMjBfQ3J1aXNlc19DaWVycmVfR2FsbGVyeTA4LTgwMHg2MDBweC53ZWJwIiwic2xpZGVzaG93IjoiNWQzNWM1ZCJ9\">\n\t\t\t\t\t<div class=\"e-gallery-image elementor-gallery-item__image\" data-thumbnail=\"https:\/\/temptationcruises.com\/wp-content\/uploads\/2025\/06\/TCC2020_Cruises_Cierre_Gallery08-800x600px-300x225.webp\" data-width=\"300\" data-height=\"225\" aria-label=\"\" role=\"img\" ><\/div>\n\t\t\t\t\t\t\t\t\t\t\t\t\t\t<\/a>\n\t\t\t\t\t\t\t<a class=\"e-gallery-item elementor-gallery-item elementor-animated-content\" href=\"https:\/\/temptationcruises.com\/wp-content\/uploads\/2025\/06\/TCC2020_Cruises_Cierre_Gallery07-800x600px.webp\" data-elementor-open-lightbox=\"yes\" data-elementor-lightbox-slideshow=\"5d35c5d\" data-elementor-lightbox-title=\"TCC2020_Cruises_Cierre_Gallery07-800x600px\" data-e-action-hash=\"#elementor-action%3Aaction%3Dlightbox%26settings%3DeyJpZCI6NTIwOCwidXJsIjoiaHR0cHM6XC9cL3RlbXB0YXRpb25jcnVpc2VzLmNvbVwvd3AtY29udGVudFwvdXBsb2Fkc1wvMjAyNVwvMDZcL1RDQzIwMjBfQ3J1aXNlc19DaWVycmVfR2FsbGVyeTA3LTgwMHg2MDBweC53ZWJwIiwic2xpZGVzaG93IjoiNWQzNWM1ZCJ9\">\n\t\t\t\t\t<div class=\"e-gallery-image elementor-gallery-item__image\" data-thumbnail=\"https:\/\/temptationcruises.com\/wp-content\/uploads\/2025\/06\/TCC2020_Cruises_Cierre_Gallery07-800x600px-300x225.webp\" data-width=\"300\" data-height=\"225\" aria-label=\"\" role=\"img\" ><\/div>\n\t\t\t\t\t\t\t\t\t\t\t\t\t\t<\/a>\n\t\t\t\t\t\t\t<a class=\"e-gallery-item elementor-gallery-item elementor-animated-content\" href=\"https:\/\/temptationcruises.com\/wp-content\/uploads\/2025\/06\/TCC2020_Cruises_Cierre_Gallery06-800x600px.webp\" data-elementor-open-lightbox=\"yes\" data-elementor-lightbox-slideshow=\"5d35c5d\" data-elementor-lightbox-title=\"TCC2020_Cruises_Cierre_Gallery06-800x600px\" data-e-action-hash=\"#elementor-action%3Aaction%3Dlightbox%26settings%3DeyJpZCI6NTIwOSwidXJsIjoiaHR0cHM6XC9cL3RlbXB0YXRpb25jcnVpc2VzLmNvbVwvd3AtY29udGVudFwvdXBsb2Fkc1wvMjAyNVwvMDZcL1RDQzIwMjBfQ3J1aXNlc19DaWVycmVfR2FsbGVyeTA2LTgwMHg2MDBweC53ZWJwIiwic2xpZGVzaG93IjoiNWQzNWM1ZCJ9\">\n\t\t\t\t\t<div class=\"e-gallery-image elementor-gallery-item__image\" data-thumbnail=\"https:\/\/temptationcruises.com\/wp-content\/uploads\/2025\/06\/TCC2020_Cruises_Cierre_Gallery06-800x600px-300x225.webp\" data-width=\"300\" data-height=\"225\" aria-label=\"\" role=\"img\" ><\/div>\n\t\t\t\t\t\t\t\t\t\t\t\t\t\t<\/a>\n\t\t\t\t\t\t\t<a class=\"e-gallery-item elementor-gallery-item elementor-animated-content\" href=\"https:\/\/temptationcruises.com\/wp-content\/uploads\/2025\/06\/TCC2020_Cruises_Cierre_Gallery05-800x600px.webp\" data-elementor-open-lightbox=\"yes\" data-elementor-lightbox-slideshow=\"5d35c5d\" data-elementor-lightbox-title=\"TCC2020_Cruises_Cierre_Gallery05-800x600px\" data-e-action-hash=\"#elementor-action%3Aaction%3Dlightbox%26settings%3DeyJpZCI6NTIxMCwidXJsIjoiaHR0cHM6XC9cL3RlbXB0YXRpb25jcnVpc2VzLmNvbVwvd3AtY29udGVudFwvdXBsb2Fkc1wvMjAyNVwvMDZcL1RDQzIwMjBfQ3J1aXNlc19DaWVycmVfR2FsbGVyeTA1LTgwMHg2MDBweC53ZWJwIiwic2xpZGVzaG93IjoiNWQzNWM1ZCJ9\">\n\t\t\t\t\t<div class=\"e-gallery-image elementor-gallery-item__image\" data-thumbnail=\"https:\/\/temptationcruises.com\/wp-content\/uploads\/2025\/06\/TCC2020_Cruises_Cierre_Gallery05-800x600px-300x225.webp\" data-width=\"300\" data-height=\"225\" aria-label=\"\" role=\"img\" ><\/div>\n\t\t\t\t\t\t\t\t\t\t\t\t\t\t<\/a>\n\t\t\t\t\t\t\t<a class=\"e-gallery-item elementor-gallery-item elementor-animated-content\" href=\"https:\/\/temptationcruises.com\/wp-content\/uploads\/2025\/06\/TCC2020_Cruises_Cierre_Gallery04-800x600px.webp\" data-elementor-open-lightbox=\"yes\" data-elementor-lightbox-slideshow=\"5d35c5d\" data-elementor-lightbox-title=\"TCC2020_Cruises_Cierre_Gallery04-800x600px\" data-e-action-hash=\"#elementor-action%3Aaction%3Dlightbox%26settings%3DeyJpZCI6NTIxMSwidXJsIjoiaHR0cHM6XC9cL3RlbXB0YXRpb25jcnVpc2VzLmNvbVwvd3AtY29udGVudFwvdXBsb2Fkc1wvMjAyNVwvMDZcL1RDQzIwMjBfQ3J1aXNlc19DaWVycmVfR2FsbGVyeTA0LTgwMHg2MDBweC53ZWJwIiwic2xpZGVzaG93IjoiNWQzNWM1ZCJ9\">\n\t\t\t\t\t<div class=\"e-gallery-image elementor-gallery-item__image\" data-thumbnail=\"https:\/\/temptationcruises.com\/wp-content\/uploads\/2025\/06\/TCC2020_Cruises_Cierre_Gallery04-800x600px-300x225.webp\" data-width=\"300\" data-height=\"225\" aria-label=\"\" role=\"img\" ><\/div>\n\t\t\t\t\t\t\t\t\t\t\t\t\t\t<\/a>\n\t\t\t\t\t\t\t<a class=\"e-gallery-item elementor-gallery-item elementor-animated-content\" href=\"https:\/\/temptationcruises.com\/wp-content\/uploads\/2025\/06\/TCC2020_Cruises_Cierre_Gallery03-800x600px.webp\" data-elementor-open-lightbox=\"yes\" data-elementor-lightbox-slideshow=\"5d35c5d\" data-elementor-lightbox-title=\"TCC2020_Cruises_Cierre_Gallery03-800x600px\" data-e-action-hash=\"#elementor-action%3Aaction%3Dlightbox%26settings%3DeyJpZCI6NTIxMiwidXJsIjoiaHR0cHM6XC9cL3RlbXB0YXRpb25jcnVpc2VzLmNvbVwvd3AtY29udGVudFwvdXBsb2Fkc1wvMjAyNVwvMDZcL1RDQzIwMjBfQ3J1aXNlc19DaWVycmVfR2FsbGVyeTAzLTgwMHg2MDBweC53ZWJwIiwic2xpZGVzaG93IjoiNWQzNWM1ZCJ9\">\n\t\t\t\t\t<div class=\"e-gallery-image elementor-gallery-item__image\" data-thumbnail=\"https:\/\/temptationcruises.com\/wp-content\/uploads\/2025\/06\/TCC2020_Cruises_Cierre_Gallery03-800x600px-300x225.webp\" data-width=\"300\" data-height=\"225\" aria-label=\"\" role=\"img\" ><\/div>\n\t\t\t\t\t\t\t\t\t\t\t\t\t\t<\/a>\n\t\t\t\t\t\t\t<a class=\"e-gallery-item elementor-gallery-item elementor-animated-content\" href=\"https:\/\/temptationcruises.com\/wp-content\/uploads\/2025\/06\/TCC2020_Cruises_Cierre_Gallery02-800x600px.webp\" data-elementor-open-lightbox=\"yes\" data-elementor-lightbox-slideshow=\"5d35c5d\" data-elementor-lightbox-title=\"TCC2020_Cruises_Cierre_Gallery02-800x600px\" data-e-action-hash=\"#elementor-action%3Aaction%3Dlightbox%26settings%3DeyJpZCI6NTIxMywidXJsIjoiaHR0cHM6XC9cL3RlbXB0YXRpb25jcnVpc2VzLmNvbVwvd3AtY29udGVudFwvdXBsb2Fkc1wvMjAyNVwvMDZcL1RDQzIwMjBfQ3J1aXNlc19DaWVycmVfR2FsbGVyeTAyLTgwMHg2MDBweC53ZWJwIiwic2xpZGVzaG93IjoiNWQzNWM1ZCJ9\">\n\t\t\t\t\t<div class=\"e-gallery-image elementor-gallery-item__image\" data-thumbnail=\"https:\/\/temptationcruises.com\/wp-content\/uploads\/2025\/06\/TCC2020_Cruises_Cierre_Gallery02-800x600px-300x225.webp\" data-width=\"300\" data-height=\"225\" aria-label=\"\" role=\"img\" ><\/div>\n\t\t\t\t\t\t\t\t\t\t\t\t\t\t<\/a>\n\t\t\t\t\t\t\t<a class=\"e-gallery-item elementor-gallery-item elementor-animated-content\" href=\"https:\/\/temptationcruises.com\/wp-content\/uploads\/2025\/06\/TCC2020_Cruises_Cierre_Gallery01-800x600px.webp\" data-elementor-open-lightbox=\"yes\" data-elementor-lightbox-slideshow=\"5d35c5d\" data-elementor-lightbox-title=\"TCC2020_Cruises_Cierre_Gallery01-800x600px\" data-e-action-hash=\"#elementor-action%3Aaction%3Dlightbox%26settings%3DeyJpZCI6NTIxNCwidXJsIjoiaHR0cHM6XC9cL3RlbXB0YXRpb25jcnVpc2VzLmNvbVwvd3AtY29udGVudFwvdXBsb2Fkc1wvMjAyNVwvMDZcL1RDQzIwMjBfQ3J1aXNlc19DaWVycmVfR2FsbGVyeTAxLTgwMHg2MDBweC53ZWJwIiwic2xpZGVzaG93IjoiNWQzNWM1ZCJ9\">\n\t\t\t\t\t<div class=\"e-gallery-image elementor-gallery-item__image\" data-thumbnail=\"https:\/\/temptationcruises.com\/wp-content\/uploads\/2025\/06\/TCC2020_Cruises_Cierre_Gallery01-800x600px-300x225.webp\" data-width=\"300\" data-height=\"225\" aria-label=\"\" role=\"img\" ><\/div>\n\t\t\t\t\t\t\t\t\t\t\t\t\t\t<\/a>\n\t\t\t\t\t<\/div>\n\t\t\t\t\t<\/div>\n\t\t\t\t<\/div>\n\t\t\t\t\t<\/div>\n\t\t\t\t<\/div>\n\t\t<div class=\"elementor-element elementor-element-e1c6b88 e-flex e-con-boxed wpr-particle-no wpr-jarallax-no wpr-parallax-no wpr-sticky-section-no wpr-equal-height-no e-con e-parent\" data-id=\"e1c6b88\" data-element_type=\"container\" data-e-type=\"container\" data-settings=\"{&quot;_ha_eqh_enable&quot;:false}\">\n\t\t\t\t\t<div class=\"e-con-inner\">\n\t\t\t\t<div class=\"elementor-element elementor-element-4032806 elementor-fixed elementor-align-justify elementor-widget__width-initial elementor-widget elementor-widget-button\" data-id=\"4032806\" data-element_type=\"widget\" data-e-type=\"widget\" data-settings=\"{&quot;_position&quot;:&quot;fixed&quot;}\" data-widget_type=\"button.default\">\n\t\t\t\t<div class=\"elementor-widget-container\">\n\t\t\t\t\t\t\t\t\t<div class=\"elementor-button-wrapper\">\n\t\t\t\t\t<a class=\"elementor-button elementor-button-link elementor-size-sm\" href=\"\/es\/por-que-temptation\/cruceros-previos\">\n\t\t\t\t\t\t<span class=\"elementor-button-content-wrapper\">\n\t\t\t\t\t\t<span class=\"elementor-button-icon\">\n\t\t\t\t<i aria-hidden=\"true\" class=\"huge huge-link-backward\"><\/i>\t\t\t<\/span>\n\t\t\t\t\t\t\t\t\t<span class=\"elementor-button-text\">Regresar<\/span>\n\t\t\t\t\t<\/span>\n\t\t\t\t\t<\/a>\n\t\t\t\t<\/div>\n\t\t\t\t\t\t\t\t<\/div>\n\t\t\t\t<\/div>\n\t\t\t\t\t<\/div>\n\t\t\t\t<\/div>\n\t\t\t\t<\/div>\n\t\t","protected":false},"excerpt":{"rendered":"<p>CRUCERO PREVIO TEMPTATION CARIBBEAN CRUISE 2020 \u00a1GRACIAS POR UN CRUCERO INCRE\u00cdBLE! \u00a1No podr\u00edamos haberlo hecho sin ustedes! Queremos dar las gracias a los m\u00e1s de 2.500 pasajeros fiesteros y a la carism\u00e1tica tripulaci\u00f3n. Nuestro primer Crucero Temptation Caribbean Cruise fue un gran \u00e9xito y una aventura \u00e9pica que quedar\u00e1 grabada para siempre en los libros de historia. Este viaje ofreci\u00f3 picantes caracter\u00edsticas exclusivas del crucero que s\u00f3lo pueden disfrutarse a bordo. Nuestros sensuales marineros disfrutaron de atrevidas actividades durante el d\u00eda, fiestas en la piscina fuera de lo com\u00fan, m\u00fasica a cargo de incre\u00edbles DJs, ardientes talleres, una Sala Roja con clasificaci\u00f3n R, picantes noches tema, actuaciones VIP, \u00a1y mucho, mucho m\u00e1s! La fiesta no ha terminado, nuestro pr\u00f3ximo viaje est\u00e1 a la vuelta de la esquina y estamos deseando verte a bordo. Hasta pronto.\u00a0 Y recuerda: \u00a1lo que pas\u00f3 a bordo, se queda a bordo! Regresar<\/p>\n","protected":false},"author":1,"featured_media":0,"parent":8832,"menu_order":0,"comment_status":"closed","ping_status":"closed","template":"elementor_canvas","meta":{"footnotes":""},"class_list":["post-8835","page","type-page","status-publish","hentry"],"acf":[],"publishpress_future_action":{"enabled":false,"date":"2026-04-28 03:35:40","action":"change-status","newStatus":"draft","terms":[],"taxonomy":"translation_priority","extraData":[]},"publishpress_future_workflow_manual_trigger":{"enabledWorkflows":[]},"_links":{"self":[{"href":"https:\/\/temptationcruises.com\/es\/wp-json\/wp\/v2\/pages\/8835","targetHints":{"allow":["GET"]}}],"collection":[{"href":"https:\/\/temptationcruises.com\/es\/wp-json\/wp\/v2\/pages"}],"about":[{"href":"https:\/\/temptationcruises.com\/es\/wp-json\/wp\/v2\/types\/page"}],"author":[{"embeddable":true,"href":"https:\/\/temptationcruises.com\/es\/wp-json\/wp\/v2\/users\/1"}],"replies":[{"embeddable":true,"href":"https:\/\/temptationcruises.com\/es\/wp-json\/wp\/v2\/comments?post=8835"}],"version-history":[{"count":19,"href":"https:\/\/temptationcruises.com\/es\/wp-json\/wp\/v2\/pages\/8835\/revisions"}],"predecessor-version":[{"id":10743,"href":"https:\/\/temptationcruises.com\/es\/wp-json\/wp\/v2\/pages\/8835\/revisions\/10743"}],"up":[{"embeddable":true,"href":"https:\/\/temptationcruises.com\/es\/wp-json\/wp\/v2\/pages\/8832"}],"wp:attachment":[{"href":"https:\/\/temptationcruises.com\/es\/wp-json\/wp\/v2\/media?parent=8835"}],"curies":[{"name":"wp","href":"https:\/\/api.w.org\/{rel}","templated":true}]}}