{"id":8836,"date":"2025-06-13T01:42:00","date_gmt":"2025-06-13T01:42:00","guid":{"rendered":"http:\/\/testpunk.mktcruises.com\/why-temptation\/previous-cruises\/temptation-caribbean-cruise-2022\/"},"modified":"2025-06-26T15:56:43","modified_gmt":"2025-06-26T15:56:43","slug":"temptation-caribbean-cruise-2022","status":"publish","type":"page","link":"https:\/\/temptationcruises.com\/es\/por-que-temptation\/cruceros-previos\/temptation-caribbean-cruise-2022\/","title":{"rendered":"Temptation Caribbean Cruise 2022"},"content":{"rendered":"\t\t<div data-elementor-type=\"wp-page\" data-elementor-id=\"8836\" class=\"elementor elementor-8836 elementor-5101\" data-elementor-settings=\"{&quot;ha_cmc_init_switcher&quot;:&quot;no&quot;}\" data-elementor-post-type=\"page\">\n\t\t\t\t<div class=\"elementor-element elementor-element-b3f1dac e-con-full e-flex wpr-particle-no wpr-jarallax-no wpr-parallax-no wpr-sticky-section-no wpr-equal-height-no e-con e-parent\" data-id=\"b3f1dac\" data-element_type=\"container\" data-e-type=\"container\" data-settings=\"{&quot;background_background&quot;:&quot;classic&quot;,&quot;_ha_eqh_enable&quot;:false}\">\n\t\t<div class=\"elementor-element elementor-element-592fc7e e-con-full e-flex wpr-particle-no wpr-jarallax-no wpr-parallax-no wpr-sticky-section-no wpr-equal-height-no e-con e-child\" data-id=\"592fc7e\" data-element_type=\"container\" data-e-type=\"container\" data-settings=\"{&quot;background_background&quot;:&quot;classic&quot;,&quot;_ha_eqh_enable&quot;:false}\">\n\t\t\t\t<\/div>\n\t\t<div class=\"elementor-element elementor-element-b49c56b e-grid e-con-full wpr-particle-no wpr-jarallax-no wpr-parallax-no wpr-sticky-section-no wpr-equal-height-no e-con e-child\" data-id=\"b49c56b\" data-element_type=\"container\" data-e-type=\"container\" data-settings=\"{&quot;_ha_eqh_enable&quot;:false}\">\n\t\t\t\t<\/div>\n\t\t\t\t<\/div>\n\t\t<div class=\"elementor-element elementor-element-eb758c4 e-flex e-con-boxed wpr-particle-no wpr-jarallax-no wpr-parallax-no wpr-sticky-section-no wpr-equal-height-no e-con e-parent\" data-id=\"eb758c4\" data-element_type=\"container\" data-e-type=\"container\" data-settings=\"{&quot;background_background&quot;:&quot;classic&quot;,&quot;_ha_eqh_enable&quot;:false}\">\n\t\t\t\t\t<div class=\"e-con-inner\">\n\t\t<div class=\"elementor-element elementor-element-a7bfc25 e-con-full e-flex wpr-particle-no wpr-jarallax-no wpr-parallax-no wpr-sticky-section-no wpr-equal-height-no e-con e-child\" data-id=\"a7bfc25\" data-element_type=\"container\" data-e-type=\"container\" data-settings=\"{&quot;_ha_eqh_enable&quot;:false}\">\n\t\t<div class=\"elementor-element elementor-element-f6544b9 e-flex e-con-boxed wpr-particle-no wpr-jarallax-no wpr-parallax-no wpr-sticky-section-no wpr-equal-height-no e-con e-child\" data-id=\"f6544b9\" data-element_type=\"container\" data-e-type=\"container\" data-settings=\"{&quot;background_background&quot;:&quot;classic&quot;,&quot;_ha_eqh_enable&quot;:false}\">\n\t\t\t\t\t<div class=\"e-con-inner\">\n\t\t\t\t<div class=\"elementor-element elementor-element-1f9fe01 elementor-widget elementor-widget-heading\" data-id=\"1f9fe01\" data-element_type=\"widget\" data-e-type=\"widget\" data-widget_type=\"heading.default\">\n\t\t\t\t<div class=\"elementor-widget-container\">\n\t\t\t\t\t<h2 class=\"elementor-heading-title elementor-size-default\">CRUCERO PREVIO<\/h2>\t\t\t\t<\/div>\n\t\t\t\t<\/div>\n\t\t\t\t<div class=\"elementor-element elementor-element-d9129a9 elementor-widget elementor-widget-heading\" data-id=\"d9129a9\" data-element_type=\"widget\" data-e-type=\"widget\" data-widget_type=\"heading.default\">\n\t\t\t\t<div class=\"elementor-widget-container\">\n\t\t\t\t\t<h1 class=\"elementor-heading-title elementor-size-default\">TEMPTATION CARIBBEAN CRUISE 2022<\/h1>\t\t\t\t<\/div>\n\t\t\t\t<\/div>\n\t\t\t\t\t<\/div>\n\t\t\t\t<\/div>\n\t\t\t\t<\/div>\n\t\t\t\t\t<\/div>\n\t\t\t\t<\/div>\n\t\t<div class=\"elementor-element elementor-element-8924162 e-flex e-con-boxed wpr-particle-no wpr-jarallax-no wpr-parallax-no wpr-sticky-section-no wpr-equal-height-no e-con e-parent\" data-id=\"8924162\" data-element_type=\"container\" data-e-type=\"container\" data-settings=\"{&quot;_ha_eqh_enable&quot;:false}\">\n\t\t\t\t\t<div class=\"e-con-inner\">\n\t\t<div class=\"elementor-element elementor-element-56fdbc7 e-con-full e-flex wpr-particle-no wpr-jarallax-no wpr-parallax-no wpr-sticky-section-no wpr-equal-height-no e-con e-child\" data-id=\"56fdbc7\" data-element_type=\"container\" data-e-type=\"container\" data-settings=\"{&quot;_ha_eqh_enable&quot;:false}\">\n\t\t\t\t<div class=\"elementor-element elementor-element-f3ecb14 elementor-widget elementor-widget-text-editor\" data-id=\"f3ecb14\" data-element_type=\"widget\" data-e-type=\"widget\" data-widget_type=\"text-editor.default\">\n\t\t\t\t<div class=\"elementor-widget-container\">\n\t\t\t\t\t\t\t\t\t<p><span style=\"font-weight: 400;\">Gracias por ser parte de la sexy fiesta en alta mar!<\/span><\/p><p><span style=\"font-weight: 400;\">Otra tempt\u00e1stica aventura ha llegado a su fin, \u00a1y nos gustar\u00eda aprovechar esta oportunidad para darte las gracias! Tras dos a\u00f1os de espera, este atrevido crucero ha redefinido y revolucionado nuestra divertida experiencia en alta mar. Algo es bastante claro: \u00a1cada vez nos\u00a0 volvemos m\u00e1s y m\u00e1s sexys!\u00a0<\/span><\/p><p><span style=\"font-weight: 400;\">Durante seis d\u00edas seguidos, nuestro fabuloso equipo brind\u00f3 grandes experiencias a todos los pasajeros mientras navegaban por el Caribe Occidental. Por primera vez en un crucero Temptation, se pudo experimentar la verdadera libertad en pareja en nuestra exclusiva \u00e1rea de ropa opcional, que, junto con \u00e1reas topless opcional, nuestro equipo de Playmakers, atrevidas actividades, provocativas pool parties, incre\u00edbles DJs, estimulantes talleres, R-Rated Red Room, sexys noches tema, exclusivos shows, y espectaculares puertos, llevaron la fiesta al siguiente nivel.\u00a0<\/span><\/p><p><span style=\"font-weight: 400;\">El tercer viaje zarpar\u00e1 en febrero de 2023, y, todos los que formamos parte de Temptation Cruises, estaremos emocionados de contar contigo una vez m\u00e1s. Reserva tu cabina hoy mismo y ahorra con nuestras tarifas de lanzamiento para la siguiente aventura. \u00a1Nada volver\u00e1 a ser lo mismo!<\/span><\/p>\t\t\t\t\t\t\t\t<\/div>\n\t\t\t\t<\/div>\n\t\t\t\t<\/div>\n\t\t\t\t\t<\/div>\n\t\t\t\t<\/div>\n\t\t<div class=\"elementor-element elementor-element-3c11154 e-flex e-con-boxed wpr-particle-no wpr-jarallax-no wpr-parallax-no wpr-sticky-section-no wpr-equal-height-no e-con e-parent\" data-id=\"3c11154\" data-element_type=\"container\" data-e-type=\"container\" data-settings=\"{&quot;_ha_eqh_enable&quot;:false}\">\n\t\t\t\t\t<div class=\"e-con-inner\">\n\t\t\t\t<div class=\"elementor-element elementor-element-5d35c5d elementor-widget elementor-widget-gallery\" data-id=\"5d35c5d\" data-element_type=\"widget\" data-e-type=\"widget\" data-settings=\"{&quot;gallery_layout&quot;:&quot;masonry&quot;,&quot;columns_mobile&quot;:2,&quot;gap&quot;:{&quot;unit&quot;:&quot;px&quot;,&quot;size&quot;:3,&quot;sizes&quot;:[]},&quot;gap_mobile&quot;:{&quot;unit&quot;:&quot;px&quot;,&quot;size&quot;:2,&quot;sizes&quot;:[]},&quot;lazyload&quot;:&quot;yes&quot;,&quot;columns&quot;:4,&quot;columns_tablet&quot;:2,&quot;gap_tablet&quot;:{&quot;unit&quot;:&quot;px&quot;,&quot;size&quot;:10,&quot;sizes&quot;:[]},&quot;link_to&quot;:&quot;file&quot;,&quot;content_hover_animation&quot;:&quot;fade-in&quot;}\" data-widget_type=\"gallery.default\">\n\t\t\t\t<div class=\"elementor-widget-container\">\n\t\t\t\t\t\t\t<div class=\"elementor-gallery__container\">\n\t\t\t\t\t\t\t<a class=\"e-gallery-item elementor-gallery-item elementor-animated-content\" href=\"https:\/\/temptationcruises.com\/wp-content\/uploads\/2025\/06\/TCC2022_Cruises_Cierre_Gallery15-800x600px.webp\" data-elementor-open-lightbox=\"yes\" data-elementor-lightbox-slideshow=\"5d35c5d\" data-elementor-lightbox-title=\"TCC2022_Cruises_Cierre_Gallery15-800x600px\" data-e-action-hash=\"#elementor-action%3Aaction%3Dlightbox%26settings%3DeyJpZCI6NTE4MCwidXJsIjoiaHR0cHM6XC9cL3RlbXB0YXRpb25jcnVpc2VzLmNvbVwvd3AtY29udGVudFwvdXBsb2Fkc1wvMjAyNVwvMDZcL1RDQzIwMjJfQ3J1aXNlc19DaWVycmVfR2FsbGVyeTE1LTgwMHg2MDBweC53ZWJwIiwic2xpZGVzaG93IjoiNWQzNWM1ZCJ9\">\n\t\t\t\t\t<div class=\"e-gallery-image elementor-gallery-item__image\" data-thumbnail=\"https:\/\/temptationcruises.com\/wp-content\/uploads\/2025\/06\/TCC2022_Cruises_Cierre_Gallery15-800x600px-300x225.webp\" data-width=\"300\" data-height=\"225\" aria-label=\"\" role=\"img\" ><\/div>\n\t\t\t\t\t\t\t\t\t\t\t\t\t\t<\/a>\n\t\t\t\t\t\t\t<a class=\"e-gallery-item elementor-gallery-item elementor-animated-content\" href=\"https:\/\/temptationcruises.com\/wp-content\/uploads\/2025\/06\/TCC2022_Cruises_Cierre_Gallery14-800x600px.webp\" data-elementor-open-lightbox=\"yes\" data-elementor-lightbox-slideshow=\"5d35c5d\" data-elementor-lightbox-title=\"TCC2022_Cruises_Cierre_Gallery14-800x600px\" data-e-action-hash=\"#elementor-action%3Aaction%3Dlightbox%26settings%3DeyJpZCI6NTE4MSwidXJsIjoiaHR0cHM6XC9cL3RlbXB0YXRpb25jcnVpc2VzLmNvbVwvd3AtY29udGVudFwvdXBsb2Fkc1wvMjAyNVwvMDZcL1RDQzIwMjJfQ3J1aXNlc19DaWVycmVfR2FsbGVyeTE0LTgwMHg2MDBweC53ZWJwIiwic2xpZGVzaG93IjoiNWQzNWM1ZCJ9\">\n\t\t\t\t\t<div class=\"e-gallery-image elementor-gallery-item__image\" data-thumbnail=\"https:\/\/temptationcruises.com\/wp-content\/uploads\/2025\/06\/TCC2022_Cruises_Cierre_Gallery14-800x600px-300x225.webp\" data-width=\"300\" data-height=\"225\" aria-label=\"\" role=\"img\" ><\/div>\n\t\t\t\t\t\t\t\t\t\t\t\t\t\t<\/a>\n\t\t\t\t\t\t\t<a class=\"e-gallery-item elementor-gallery-item elementor-animated-content\" href=\"https:\/\/temptationcruises.com\/wp-content\/uploads\/2025\/06\/TCC2022_Cruises_Cierre_Gallery13-800x600px.webp\" data-elementor-open-lightbox=\"yes\" data-elementor-lightbox-slideshow=\"5d35c5d\" data-elementor-lightbox-title=\"TCC2022_Cruises_Cierre_Gallery13-800x600px\" data-e-action-hash=\"#elementor-action%3Aaction%3Dlightbox%26settings%3DeyJpZCI6NTE4MiwidXJsIjoiaHR0cHM6XC9cL3RlbXB0YXRpb25jcnVpc2VzLmNvbVwvd3AtY29udGVudFwvdXBsb2Fkc1wvMjAyNVwvMDZcL1RDQzIwMjJfQ3J1aXNlc19DaWVycmVfR2FsbGVyeTEzLTgwMHg2MDBweC53ZWJwIiwic2xpZGVzaG93IjoiNWQzNWM1ZCJ9\">\n\t\t\t\t\t<div class=\"e-gallery-image elementor-gallery-item__image\" data-thumbnail=\"https:\/\/temptationcruises.com\/wp-content\/uploads\/2025\/06\/TCC2022_Cruises_Cierre_Gallery13-800x600px-300x225.webp\" data-width=\"300\" data-height=\"225\" aria-label=\"\" role=\"img\" ><\/div>\n\t\t\t\t\t\t\t\t\t\t\t\t\t\t<\/a>\n\t\t\t\t\t\t\t<a class=\"e-gallery-item elementor-gallery-item elementor-animated-content\" href=\"https:\/\/temptationcruises.com\/wp-content\/uploads\/2025\/06\/TCC2022_Cruises_Cierre_Gallery12-800x600px.webp\" data-elementor-open-lightbox=\"yes\" data-elementor-lightbox-slideshow=\"5d35c5d\" data-elementor-lightbox-title=\"TCC2022_Cruises_Cierre_Gallery12-800x600px\" data-e-action-hash=\"#elementor-action%3Aaction%3Dlightbox%26settings%3DeyJpZCI6NTE4MywidXJsIjoiaHR0cHM6XC9cL3RlbXB0YXRpb25jcnVpc2VzLmNvbVwvd3AtY29udGVudFwvdXBsb2Fkc1wvMjAyNVwvMDZcL1RDQzIwMjJfQ3J1aXNlc19DaWVycmVfR2FsbGVyeTEyLTgwMHg2MDBweC53ZWJwIiwic2xpZGVzaG93IjoiNWQzNWM1ZCJ9\">\n\t\t\t\t\t<div class=\"e-gallery-image elementor-gallery-item__image\" data-thumbnail=\"https:\/\/temptationcruises.com\/wp-content\/uploads\/2025\/06\/TCC2022_Cruises_Cierre_Gallery12-800x600px-300x225.webp\" data-width=\"300\" data-height=\"225\" aria-label=\"\" role=\"img\" ><\/div>\n\t\t\t\t\t\t\t\t\t\t\t\t\t\t<\/a>\n\t\t\t\t\t\t\t<a class=\"e-gallery-item elementor-gallery-item elementor-animated-content\" href=\"https:\/\/temptationcruises.com\/wp-content\/uploads\/2025\/06\/TCC2022_Cruises_Cierre_Gallery11-800x600px.webp\" data-elementor-open-lightbox=\"yes\" data-elementor-lightbox-slideshow=\"5d35c5d\" data-elementor-lightbox-title=\"TCC2022_Cruises_Cierre_Gallery11-800x600px\" data-e-action-hash=\"#elementor-action%3Aaction%3Dlightbox%26settings%3DeyJpZCI6NTE4NCwidXJsIjoiaHR0cHM6XC9cL3RlbXB0YXRpb25jcnVpc2VzLmNvbVwvd3AtY29udGVudFwvdXBsb2Fkc1wvMjAyNVwvMDZcL1RDQzIwMjJfQ3J1aXNlc19DaWVycmVfR2FsbGVyeTExLTgwMHg2MDBweC53ZWJwIiwic2xpZGVzaG93IjoiNWQzNWM1ZCJ9\">\n\t\t\t\t\t<div class=\"e-gallery-image elementor-gallery-item__image\" data-thumbnail=\"https:\/\/temptationcruises.com\/wp-content\/uploads\/2025\/06\/TCC2022_Cruises_Cierre_Gallery11-800x600px-300x225.webp\" data-width=\"300\" data-height=\"225\" aria-label=\"\" role=\"img\" ><\/div>\n\t\t\t\t\t\t\t\t\t\t\t\t\t\t<\/a>\n\t\t\t\t\t\t\t<a class=\"e-gallery-item elementor-gallery-item elementor-animated-content\" href=\"https:\/\/temptationcruises.com\/wp-content\/uploads\/2025\/06\/TCC2022_Cruises_Cierre_Gallery10-800x600px.webp\" data-elementor-open-lightbox=\"yes\" data-elementor-lightbox-slideshow=\"5d35c5d\" data-elementor-lightbox-title=\"TCC2022_Cruises_Cierre_Gallery10-800x600px\" data-e-action-hash=\"#elementor-action%3Aaction%3Dlightbox%26settings%3DeyJpZCI6NTE4NSwidXJsIjoiaHR0cHM6XC9cL3RlbXB0YXRpb25jcnVpc2VzLmNvbVwvd3AtY29udGVudFwvdXBsb2Fkc1wvMjAyNVwvMDZcL1RDQzIwMjJfQ3J1aXNlc19DaWVycmVfR2FsbGVyeTEwLTgwMHg2MDBweC53ZWJwIiwic2xpZGVzaG93IjoiNWQzNWM1ZCJ9\">\n\t\t\t\t\t<div class=\"e-gallery-image elementor-gallery-item__image\" data-thumbnail=\"https:\/\/temptationcruises.com\/wp-content\/uploads\/2025\/06\/TCC2022_Cruises_Cierre_Gallery10-800x600px-300x225.webp\" data-width=\"300\" data-height=\"225\" aria-label=\"\" role=\"img\" ><\/div>\n\t\t\t\t\t\t\t\t\t\t\t\t\t\t<\/a>\n\t\t\t\t\t\t\t<a class=\"e-gallery-item elementor-gallery-item elementor-animated-content\" href=\"https:\/\/temptationcruises.com\/wp-content\/uploads\/2025\/06\/TCC2022_Cruises_Cierre_Gallery09-800x600px.webp\" data-elementor-open-lightbox=\"yes\" data-elementor-lightbox-slideshow=\"5d35c5d\" data-elementor-lightbox-title=\"TCC2022_Cruises_Cierre_Gallery09-800x600px\" data-e-action-hash=\"#elementor-action%3Aaction%3Dlightbox%26settings%3DeyJpZCI6NTE4NiwidXJsIjoiaHR0cHM6XC9cL3RlbXB0YXRpb25jcnVpc2VzLmNvbVwvd3AtY29udGVudFwvdXBsb2Fkc1wvMjAyNVwvMDZcL1RDQzIwMjJfQ3J1aXNlc19DaWVycmVfR2FsbGVyeTA5LTgwMHg2MDBweC53ZWJwIiwic2xpZGVzaG93IjoiNWQzNWM1ZCJ9\">\n\t\t\t\t\t<div class=\"e-gallery-image elementor-gallery-item__image\" data-thumbnail=\"https:\/\/temptationcruises.com\/wp-content\/uploads\/2025\/06\/TCC2022_Cruises_Cierre_Gallery09-800x600px-300x225.webp\" data-width=\"300\" data-height=\"225\" aria-label=\"\" role=\"img\" ><\/div>\n\t\t\t\t\t\t\t\t\t\t\t\t\t\t<\/a>\n\t\t\t\t\t\t\t<a class=\"e-gallery-item elementor-gallery-item elementor-animated-content\" href=\"https:\/\/temptationcruises.com\/wp-content\/uploads\/2025\/06\/TCC2022_Cruises_Cierre_Gallery08-800x600px.webp\" data-elementor-open-lightbox=\"yes\" data-elementor-lightbox-slideshow=\"5d35c5d\" data-elementor-lightbox-title=\"TCC2022_Cruises_Cierre_Gallery08-800x600px\" data-e-action-hash=\"#elementor-action%3Aaction%3Dlightbox%26settings%3DeyJpZCI6NTE4NywidXJsIjoiaHR0cHM6XC9cL3RlbXB0YXRpb25jcnVpc2VzLmNvbVwvd3AtY29udGVudFwvdXBsb2Fkc1wvMjAyNVwvMDZcL1RDQzIwMjJfQ3J1aXNlc19DaWVycmVfR2FsbGVyeTA4LTgwMHg2MDBweC53ZWJwIiwic2xpZGVzaG93IjoiNWQzNWM1ZCJ9\">\n\t\t\t\t\t<div class=\"e-gallery-image elementor-gallery-item__image\" data-thumbnail=\"https:\/\/temptationcruises.com\/wp-content\/uploads\/2025\/06\/TCC2022_Cruises_Cierre_Gallery08-800x600px-300x225.webp\" data-width=\"300\" data-height=\"225\" aria-label=\"\" role=\"img\" ><\/div>\n\t\t\t\t\t\t\t\t\t\t\t\t\t\t<\/a>\n\t\t\t\t\t\t\t<a class=\"e-gallery-item elementor-gallery-item elementor-animated-content\" href=\"https:\/\/temptationcruises.com\/wp-content\/uploads\/2025\/06\/TCC2022_Cruises_Cierre_Gallery07-800x600px.webp\" data-elementor-open-lightbox=\"yes\" data-elementor-lightbox-slideshow=\"5d35c5d\" data-elementor-lightbox-title=\"TCC2022_Cruises_Cierre_Gallery07-800x600px\" data-e-action-hash=\"#elementor-action%3Aaction%3Dlightbox%26settings%3DeyJpZCI6NTE4OCwidXJsIjoiaHR0cHM6XC9cL3RlbXB0YXRpb25jcnVpc2VzLmNvbVwvd3AtY29udGVudFwvdXBsb2Fkc1wvMjAyNVwvMDZcL1RDQzIwMjJfQ3J1aXNlc19DaWVycmVfR2FsbGVyeTA3LTgwMHg2MDBweC53ZWJwIiwic2xpZGVzaG93IjoiNWQzNWM1ZCJ9\">\n\t\t\t\t\t<div class=\"e-gallery-image elementor-gallery-item__image\" data-thumbnail=\"https:\/\/temptationcruises.com\/wp-content\/uploads\/2025\/06\/TCC2022_Cruises_Cierre_Gallery07-800x600px-300x225.webp\" data-width=\"300\" data-height=\"225\" aria-label=\"\" role=\"img\" ><\/div>\n\t\t\t\t\t\t\t\t\t\t\t\t\t\t<\/a>\n\t\t\t\t\t\t\t<a class=\"e-gallery-item elementor-gallery-item elementor-animated-content\" href=\"https:\/\/temptationcruises.com\/wp-content\/uploads\/2025\/06\/TCC2022_Cruises_Cierre_Gallery06-800x600px.webp\" data-elementor-open-lightbox=\"yes\" data-elementor-lightbox-slideshow=\"5d35c5d\" data-elementor-lightbox-title=\"TCC2022_Cruises_Cierre_Gallery06-800x600px\" data-e-action-hash=\"#elementor-action%3Aaction%3Dlightbox%26settings%3DeyJpZCI6NTE4OSwidXJsIjoiaHR0cHM6XC9cL3RlbXB0YXRpb25jcnVpc2VzLmNvbVwvd3AtY29udGVudFwvdXBsb2Fkc1wvMjAyNVwvMDZcL1RDQzIwMjJfQ3J1aXNlc19DaWVycmVfR2FsbGVyeTA2LTgwMHg2MDBweC53ZWJwIiwic2xpZGVzaG93IjoiNWQzNWM1ZCJ9\">\n\t\t\t\t\t<div class=\"e-gallery-image elementor-gallery-item__image\" data-thumbnail=\"https:\/\/temptationcruises.com\/wp-content\/uploads\/2025\/06\/TCC2022_Cruises_Cierre_Gallery06-800x600px-300x225.webp\" data-width=\"300\" data-height=\"225\" aria-label=\"\" role=\"img\" ><\/div>\n\t\t\t\t\t\t\t\t\t\t\t\t\t\t<\/a>\n\t\t\t\t\t\t\t<a class=\"e-gallery-item elementor-gallery-item elementor-animated-content\" href=\"https:\/\/temptationcruises.com\/wp-content\/uploads\/2025\/06\/TCC2022_Cruises_Cierre_Gallery05-800x600px.webp\" data-elementor-open-lightbox=\"yes\" data-elementor-lightbox-slideshow=\"5d35c5d\" data-elementor-lightbox-title=\"TCC2022_Cruises_Cierre_Gallery05-800x600px\" data-e-action-hash=\"#elementor-action%3Aaction%3Dlightbox%26settings%3DeyJpZCI6NTE5MCwidXJsIjoiaHR0cHM6XC9cL3RlbXB0YXRpb25jcnVpc2VzLmNvbVwvd3AtY29udGVudFwvdXBsb2Fkc1wvMjAyNVwvMDZcL1RDQzIwMjJfQ3J1aXNlc19DaWVycmVfR2FsbGVyeTA1LTgwMHg2MDBweC53ZWJwIiwic2xpZGVzaG93IjoiNWQzNWM1ZCJ9\">\n\t\t\t\t\t<div class=\"e-gallery-image elementor-gallery-item__image\" data-thumbnail=\"https:\/\/temptationcruises.com\/wp-content\/uploads\/2025\/06\/TCC2022_Cruises_Cierre_Gallery05-800x600px-300x225.webp\" data-width=\"300\" data-height=\"225\" aria-label=\"\" role=\"img\" ><\/div>\n\t\t\t\t\t\t\t\t\t\t\t\t\t\t<\/a>\n\t\t\t\t\t\t\t<a class=\"e-gallery-item elementor-gallery-item elementor-animated-content\" href=\"https:\/\/temptationcruises.com\/wp-content\/uploads\/2025\/06\/TCC2022_Cruises_Cierre_Gallery04-800x600px.webp\" data-elementor-open-lightbox=\"yes\" data-elementor-lightbox-slideshow=\"5d35c5d\" data-elementor-lightbox-title=\"TCC2022_Cruises_Cierre_Gallery04-800x600px\" data-e-action-hash=\"#elementor-action%3Aaction%3Dlightbox%26settings%3DeyJpZCI6NTE5MSwidXJsIjoiaHR0cHM6XC9cL3RlbXB0YXRpb25jcnVpc2VzLmNvbVwvd3AtY29udGVudFwvdXBsb2Fkc1wvMjAyNVwvMDZcL1RDQzIwMjJfQ3J1aXNlc19DaWVycmVfR2FsbGVyeTA0LTgwMHg2MDBweC53ZWJwIiwic2xpZGVzaG93IjoiNWQzNWM1ZCJ9\">\n\t\t\t\t\t<div class=\"e-gallery-image elementor-gallery-item__image\" data-thumbnail=\"https:\/\/temptationcruises.com\/wp-content\/uploads\/2025\/06\/TCC2022_Cruises_Cierre_Gallery04-800x600px-300x225.webp\" data-width=\"300\" data-height=\"225\" aria-label=\"\" role=\"img\" ><\/div>\n\t\t\t\t\t\t\t\t\t\t\t\t\t\t<\/a>\n\t\t\t\t\t\t\t<a class=\"e-gallery-item elementor-gallery-item elementor-animated-content\" href=\"https:\/\/temptationcruises.com\/wp-content\/uploads\/2025\/06\/TCC2022_Cruises_Cierre_Gallery03-800x600px.webp\" data-elementor-open-lightbox=\"yes\" data-elementor-lightbox-slideshow=\"5d35c5d\" data-elementor-lightbox-title=\"TCC2022_Cruises_Cierre_Gallery03-800x600px\" data-e-action-hash=\"#elementor-action%3Aaction%3Dlightbox%26settings%3DeyJpZCI6NTE5MiwidXJsIjoiaHR0cHM6XC9cL3RlbXB0YXRpb25jcnVpc2VzLmNvbVwvd3AtY29udGVudFwvdXBsb2Fkc1wvMjAyNVwvMDZcL1RDQzIwMjJfQ3J1aXNlc19DaWVycmVfR2FsbGVyeTAzLTgwMHg2MDBweC53ZWJwIiwic2xpZGVzaG93IjoiNWQzNWM1ZCJ9\">\n\t\t\t\t\t<div class=\"e-gallery-image elementor-gallery-item__image\" data-thumbnail=\"https:\/\/temptationcruises.com\/wp-content\/uploads\/2025\/06\/TCC2022_Cruises_Cierre_Gallery03-800x600px-300x225.webp\" data-width=\"300\" data-height=\"225\" aria-label=\"\" role=\"img\" ><\/div>\n\t\t\t\t\t\t\t\t\t\t\t\t\t\t<\/a>\n\t\t\t\t\t\t\t<a class=\"e-gallery-item elementor-gallery-item elementor-animated-content\" href=\"https:\/\/temptationcruises.com\/wp-content\/uploads\/2025\/06\/TCC2022_Cruises_Cierre_Gallery02-800x600px.webp\" data-elementor-open-lightbox=\"yes\" data-elementor-lightbox-slideshow=\"5d35c5d\" data-elementor-lightbox-title=\"TCC2022_Cruises_Cierre_Gallery02-800x600px\" data-e-action-hash=\"#elementor-action%3Aaction%3Dlightbox%26settings%3DeyJpZCI6NTE5MywidXJsIjoiaHR0cHM6XC9cL3RlbXB0YXRpb25jcnVpc2VzLmNvbVwvd3AtY29udGVudFwvdXBsb2Fkc1wvMjAyNVwvMDZcL1RDQzIwMjJfQ3J1aXNlc19DaWVycmVfR2FsbGVyeTAyLTgwMHg2MDBweC53ZWJwIiwic2xpZGVzaG93IjoiNWQzNWM1ZCJ9\">\n\t\t\t\t\t<div class=\"e-gallery-image elementor-gallery-item__image\" data-thumbnail=\"https:\/\/temptationcruises.com\/wp-content\/uploads\/2025\/06\/TCC2022_Cruises_Cierre_Gallery02-800x600px-300x225.webp\" data-width=\"300\" data-height=\"225\" aria-label=\"\" role=\"img\" ><\/div>\n\t\t\t\t\t\t\t\t\t\t\t\t\t\t<\/a>\n\t\t\t\t\t\t\t<a class=\"e-gallery-item elementor-gallery-item elementor-animated-content\" href=\"https:\/\/temptationcruises.com\/wp-content\/uploads\/2025\/06\/TCC2022_Cruises_Cierre_Gallery01-800x600px.webp\" data-elementor-open-lightbox=\"yes\" data-elementor-lightbox-slideshow=\"5d35c5d\" data-elementor-lightbox-title=\"TCC2022_Cruises_Cierre_Gallery01-800x600px\" data-e-action-hash=\"#elementor-action%3Aaction%3Dlightbox%26settings%3DeyJpZCI6NTE5NCwidXJsIjoiaHR0cHM6XC9cL3RlbXB0YXRpb25jcnVpc2VzLmNvbVwvd3AtY29udGVudFwvdXBsb2Fkc1wvMjAyNVwvMDZcL1RDQzIwMjJfQ3J1aXNlc19DaWVycmVfR2FsbGVyeTAxLTgwMHg2MDBweC53ZWJwIiwic2xpZGVzaG93IjoiNWQzNWM1ZCJ9\">\n\t\t\t\t\t<div class=\"e-gallery-image elementor-gallery-item__image\" data-thumbnail=\"https:\/\/temptationcruises.com\/wp-content\/uploads\/2025\/06\/TCC2022_Cruises_Cierre_Gallery01-800x600px-300x225.webp\" data-width=\"300\" data-height=\"225\" aria-label=\"\" role=\"img\" ><\/div>\n\t\t\t\t\t\t\t\t\t\t\t\t\t\t<\/a>\n\t\t\t\t\t<\/div>\n\t\t\t\t\t<\/div>\n\t\t\t\t<\/div>\n\t\t\t\t\t<\/div>\n\t\t\t\t<\/div>\n\t\t<div class=\"elementor-element elementor-element-e1c6b88 e-flex e-con-boxed wpr-particle-no wpr-jarallax-no wpr-parallax-no wpr-sticky-section-no wpr-equal-height-no e-con e-parent\" data-id=\"e1c6b88\" data-element_type=\"container\" data-e-type=\"container\" data-settings=\"{&quot;_ha_eqh_enable&quot;:false}\">\n\t\t\t\t\t<div class=\"e-con-inner\">\n\t\t\t\t<div class=\"elementor-element elementor-element-4f84825 elementor-fixed elementor-align-justify elementor-widget__width-initial elementor-widget elementor-widget-button\" data-id=\"4f84825\" data-element_type=\"widget\" data-e-type=\"widget\" data-settings=\"{&quot;_position&quot;:&quot;fixed&quot;}\" data-widget_type=\"button.default\">\n\t\t\t\t<div class=\"elementor-widget-container\">\n\t\t\t\t\t\t\t\t\t<div class=\"elementor-button-wrapper\">\n\t\t\t\t\t<a class=\"elementor-button elementor-button-link elementor-size-sm\" href=\"\/es\/por-que-temptation\/cruceros-previos\/\">\n\t\t\t\t\t\t<span class=\"elementor-button-content-wrapper\">\n\t\t\t\t\t\t<span class=\"elementor-button-icon\">\n\t\t\t\t<i aria-hidden=\"true\" class=\"huge huge-link-backward\"><\/i>\t\t\t<\/span>\n\t\t\t\t\t\t\t\t\t<span class=\"elementor-button-text\">Regresar<\/span>\n\t\t\t\t\t<\/span>\n\t\t\t\t\t<\/a>\n\t\t\t\t<\/div>\n\t\t\t\t\t\t\t\t<\/div>\n\t\t\t\t<\/div>\n\t\t\t\t\t<\/div>\n\t\t\t\t<\/div>\n\t\t\t\t<\/div>\n\t\t","protected":false},"excerpt":{"rendered":"<p>CRUCERO PREVIO TEMPTATION CARIBBEAN CRUISE 2022 Gracias por ser parte de la sexy fiesta en alta mar! Otra tempt\u00e1stica aventura ha llegado a su fin, \u00a1y nos gustar\u00eda aprovechar esta oportunidad para darte las gracias! Tras dos a\u00f1os de espera, este atrevido crucero ha redefinido y revolucionado nuestra divertida experiencia en alta mar. Algo es bastante claro: \u00a1cada vez nos\u00a0 volvemos m\u00e1s y m\u00e1s sexys!\u00a0 Durante seis d\u00edas seguidos, nuestro fabuloso equipo brind\u00f3 grandes experiencias a todos los pasajeros mientras navegaban por el Caribe Occidental. Por primera vez en un crucero Temptation, se pudo experimentar la verdadera libertad en pareja en nuestra exclusiva \u00e1rea de ropa opcional, que, junto con \u00e1reas topless opcional, nuestro equipo de Playmakers, atrevidas actividades, provocativas pool parties, incre\u00edbles DJs, estimulantes talleres, R-Rated Red Room, sexys noches tema, exclusivos shows, y espectaculares puertos, llevaron la fiesta al siguiente nivel.\u00a0 El tercer viaje zarpar\u00e1 en febrero de 2023, y, todos los que formamos parte de Temptation Cruises, estaremos emocionados de contar contigo una vez m\u00e1s. Reserva tu cabina hoy mismo y ahorra con nuestras tarifas de lanzamiento para la siguiente aventura. \u00a1Nada volver\u00e1 a ser lo mismo! Regresar<\/p>\n","protected":false},"author":1,"featured_media":0,"parent":8832,"menu_order":0,"comment_status":"closed","ping_status":"closed","template":"elementor_canvas","meta":{"footnotes":""},"class_list":["post-8836","page","type-page","status-publish","hentry"],"acf":[],"publishpress_future_action":{"enabled":false,"date":"2026-04-28 03:35:49","action":"change-status","newStatus":"draft","terms":[],"taxonomy":"translation_priority","extraData":[]},"publishpress_future_workflow_manual_trigger":{"enabledWorkflows":[]},"_links":{"self":[{"href":"https:\/\/temptationcruises.com\/es\/wp-json\/wp\/v2\/pages\/8836","targetHints":{"allow":["GET"]}}],"collection":[{"href":"https:\/\/temptationcruises.com\/es\/wp-json\/wp\/v2\/pages"}],"about":[{"href":"https:\/\/temptationcruises.com\/es\/wp-json\/wp\/v2\/types\/page"}],"author":[{"embeddable":true,"href":"https:\/\/temptationcruises.com\/es\/wp-json\/wp\/v2\/users\/1"}],"replies":[{"embeddable":true,"href":"https:\/\/temptationcruises.com\/es\/wp-json\/wp\/v2\/comments?post=8836"}],"version-history":[{"count":20,"href":"https:\/\/temptationcruises.com\/es\/wp-json\/wp\/v2\/pages\/8836\/revisions"}],"predecessor-version":[{"id":10737,"href":"https:\/\/temptationcruises.com\/es\/wp-json\/wp\/v2\/pages\/8836\/revisions\/10737"}],"up":[{"embeddable":true,"href":"https:\/\/temptationcruises.com\/es\/wp-json\/wp\/v2\/pages\/8832"}],"wp:attachment":[{"href":"https:\/\/temptationcruises.com\/es\/wp-json\/wp\/v2\/media?parent=8836"}],"curies":[{"name":"wp","href":"https:\/\/api.w.org\/{rel}","templated":true}]}}