{"id":8967,"date":"2025-06-20T14:23:45","date_gmt":"2025-06-20T19:23:45","guid":{"rendered":"http:\/\/testpunk.mktcruises.com\/official-channels-temptation\/"},"modified":"2026-01-02T08:21:44","modified_gmt":"2026-01-02T13:21:44","slug":"canales-de-comunicacion-oficiales","status":"publish","type":"page","link":"https:\/\/temptationcruises.com\/es\/canales-de-comunicacion-oficiales\/","title":{"rendered":"Canales de Comunicaci\u00f3n Oficiales"},"content":{"rendered":"\t\t<div data-elementor-type=\"wp-page\" data-elementor-id=\"8967\" class=\"elementor elementor-8967 elementor-8534\" data-elementor-settings=\"{&quot;ha_cmc_init_switcher&quot;:&quot;no&quot;}\" data-elementor-post-type=\"page\">\n\t\t\t\t<div class=\"elementor-element elementor-element-b3f1dac e-con-full e-flex wpr-particle-no wpr-jarallax-no wpr-parallax-no wpr-sticky-section-no wpr-column-slider-no wpr-equal-height-no e-con e-parent\" data-id=\"b3f1dac\" data-element_type=\"container\" data-e-type=\"container\" data-settings=\"{&quot;background_background&quot;:&quot;classic&quot;,&quot;_ha_eqh_enable&quot;:false}\">\n\t\t<div class=\"elementor-element elementor-element-592fc7e e-con-full e-flex wpr-particle-no wpr-jarallax-no wpr-parallax-no wpr-sticky-section-no wpr-column-slider-no wpr-equal-height-no e-con e-child\" data-id=\"592fc7e\" data-element_type=\"container\" data-e-type=\"container\" data-settings=\"{&quot;background_background&quot;:&quot;classic&quot;,&quot;_ha_eqh_enable&quot;:false}\">\n\t\t<div class=\"elementor-element elementor-element-8addbf2 e-con-full e-flex wpr-particle-no wpr-jarallax-no wpr-parallax-no wpr-sticky-section-no wpr-column-slider-no wpr-equal-height-no e-con e-child\" data-id=\"8addbf2\" data-element_type=\"container\" data-e-type=\"container\" data-settings=\"{&quot;_ha_eqh_enable&quot;:false}\">\n\t\t\t\t<div class=\"elementor-element elementor-element-5fffeea elementor-widget elementor-widget-heading\" data-id=\"5fffeea\" data-element_type=\"widget\" data-e-type=\"widget\" data-widget_type=\"heading.default\">\n\t\t\t\t<div class=\"elementor-widget-container\">\n\t\t\t\t\t<h1 class=\"elementor-heading-title elementor-size-default\">CANALES DE COMUNICACI\u00d3N OFICIALES<\/h1>\t\t\t\t<\/div>\n\t\t\t\t<\/div>\n\t\t\t\t<\/div>\n\t\t\t\t<\/div>\n\t\t<div class=\"elementor-element elementor-element-b49c56b e-grid e-con-full wpr-particle-no wpr-jarallax-no wpr-parallax-no wpr-sticky-section-no wpr-column-slider-no wpr-equal-height-no e-con e-child\" data-id=\"b49c56b\" data-element_type=\"container\" data-e-type=\"container\" data-settings=\"{&quot;_ha_eqh_enable&quot;:false}\">\n\t\t\t\t<\/div>\n\t\t\t\t<\/div>\n\t\t<div class=\"elementor-element elementor-element-eb758c4 e-flex e-con-boxed wpr-particle-no wpr-jarallax-no wpr-parallax-no wpr-sticky-section-no wpr-column-slider-no wpr-equal-height-no e-con e-parent\" data-id=\"eb758c4\" data-element_type=\"container\" data-e-type=\"container\" data-settings=\"{&quot;background_background&quot;:&quot;classic&quot;,&quot;_ha_eqh_enable&quot;:false}\">\n\t\t\t\t\t<div class=\"e-con-inner\">\n\t\t<div class=\"elementor-element elementor-element-a7bfc25 e-con-full e-flex wpr-particle-no wpr-jarallax-no wpr-parallax-no wpr-sticky-section-no wpr-column-slider-no wpr-equal-height-no e-con e-child\" data-id=\"a7bfc25\" data-element_type=\"container\" data-e-type=\"container\" data-settings=\"{&quot;_ha_eqh_enable&quot;:false}\">\n\t\t<div class=\"elementor-element elementor-element-f6544b9 e-flex e-con-boxed wpr-particle-no wpr-jarallax-no wpr-parallax-no wpr-sticky-section-no wpr-column-slider-no wpr-equal-height-no e-con e-child\" data-id=\"f6544b9\" data-element_type=\"container\" data-e-type=\"container\" data-settings=\"{&quot;background_background&quot;:&quot;classic&quot;,&quot;_ha_eqh_enable&quot;:false}\">\n\t\t\t\t\t<div class=\"e-con-inner\">\n\t\t<div class=\"elementor-element elementor-element-6317858 e-con-full e-flex wpr-particle-no wpr-jarallax-no wpr-parallax-no wpr-sticky-section-no wpr-column-slider-no wpr-equal-height-no e-con e-child\" data-id=\"6317858\" data-element_type=\"container\" data-e-type=\"container\" data-settings=\"{&quot;_ha_eqh_enable&quot;:false}\">\n\t\t\t\t<div class=\"elementor-element elementor-element-cd20dce elementor-widget__width-initial elementor-widget elementor-widget-text-editor\" data-id=\"cd20dce\" data-element_type=\"widget\" data-e-type=\"widget\" data-widget_type=\"text-editor.default\">\n\t\t\t\t<div class=\"elementor-widget-container\">\n\t\t\t\t\t\t\t\t\t<p style=\"text-align: center;\"><span style=\"font-weight: 400;\">Evita estafas revisando nuestros canales de comunicaci\u00f3n oficiales. Si te contactan desde un n\u00famero o correo electr\u00f3nico no listado aqu\u00ed, no dudes en hac\u00e9rnoslo saber. Tu seguridad es nuestra prioridad.<\/span><\/p>\t\t\t\t\t\t\t\t<\/div>\n\t\t\t\t<\/div>\n\t\t\t\t<\/div>\n\t\t\t\t\t<\/div>\n\t\t\t\t<\/div>\n\t\t\t\t<\/div>\n\t\t\t\t\t<\/div>\n\t\t\t\t<\/div>\n\t\t<div class=\"elementor-element elementor-element-22aa63a e-flex e-con-boxed wpr-particle-no wpr-jarallax-no wpr-parallax-no wpr-sticky-section-no wpr-column-slider-no wpr-equal-height-no e-con e-parent\" data-id=\"22aa63a\" data-element_type=\"container\" data-e-type=\"container\" data-settings=\"{&quot;_ha_eqh_enable&quot;:false}\">\n\t\t\t\t\t<div class=\"e-con-inner\">\n\t\t\t\t<div class=\"elementor-element elementor-element-47576c5 elementor-widget elementor-widget-heading\" data-id=\"47576c5\" data-element_type=\"widget\" data-e-type=\"widget\" data-widget_type=\"heading.default\">\n\t\t\t\t<div class=\"elementor-widget-container\">\n\t\t\t\t\t<h2 class=\"elementor-heading-title elementor-size-default\">RESERVACIONES<\/h2>\t\t\t\t<\/div>\n\t\t\t\t<\/div>\n\t\t\t\t<div class=\"elementor-element elementor-element-580a47f elementor-widget elementor-widget-text-editor\" data-id=\"580a47f\" data-element_type=\"widget\" data-e-type=\"widget\" data-widget_type=\"text-editor.default\">\n\t\t\t\t<div class=\"elementor-widget-container\">\n\t\t\t\t\t\t\t\t\t<p><b>Temptation Grand Cruises<\/b><\/p><p><strong>Tel\u00e9fono:<\/strong><\/p><p><span style=\"font-weight: 400;\">LLAME SIN COSTO USA CAN: <a href=\"tel:18882997705\">1 888 299 7705<\/a><\/span><\/p><p><span style=\"font-weight: 400;\">LLAME SIN COSTO M\u00c9XICO: <a href=\"tel:8002151000\">800 215 1000<\/a><\/span><\/p><p><span style=\"font-weight: 400;\">LLAME SIN COSTO R.U: <a href=\"tel:8000843496\">800 084 3496<\/a><\/span><\/p><p><span style=\"font-weight: 400;\">LLAME SIN COSTO ESP: <a href=\"tel:800080037\">800 080 037<\/a><\/span><\/p><p><span style=\"font-weight: 400;\">LLAME SIN COSTO DEU: <a href=\"tel:32214219683\">32 214 219 683<\/a><\/span><\/p><p><span style=\"font-weight: 400;\">DIRECTO: <a href=\"tel:529981932389\">52 998 193 2389<\/a><\/span><\/p><p>\u00a0<br \/><strong>Horario de Atenci\u00f3n \u2013 Call Center<\/strong><\/p><p>(Hora del Este \u2013 EST)<\/p><p>Lunes a Viernes:<br \/>7:00 a.m. \u2013 10:00 p.m.<\/p><p>S\u00e1bados:<br \/>9:00 a.m. \u2013 5:30 p.m.<\/p><p>Domingos:<br \/>9:00 a.m. \u2013 5:00 p.m.<\/p><p>\u00a0<\/p><p><b>Correos electr\u00f3nicos:<\/b><\/p><p><a href=\"mailto:cruises2@original-group.com\"><span style=\"font-weight: 400;\">cruises2@original-group.com<\/span><\/a><\/p><p><a href=\"mailto:book@originalcruises.com\"><span style=\"font-weight: 400;\">book@originalcruises.com<\/span><\/a><\/p>\t\t\t\t\t\t\t\t<\/div>\n\t\t\t\t<\/div>\n\t\t\t\t\t<\/div>\n\t\t\t\t<\/div>\n\t\t<div class=\"elementor-element elementor-element-0f044d4 e-flex e-con-boxed wpr-particle-no wpr-jarallax-no wpr-parallax-no wpr-sticky-section-no wpr-column-slider-no wpr-equal-height-no e-con e-parent\" data-id=\"0f044d4\" data-element_type=\"container\" data-e-type=\"container\" data-settings=\"{&quot;_ha_eqh_enable&quot;:false}\">\n\t\t\t\t\t<div class=\"e-con-inner\">\n\t\t\t\t<div class=\"elementor-element elementor-element-befb44c elementor-widget elementor-widget-spacer\" data-id=\"befb44c\" data-element_type=\"widget\" data-e-type=\"widget\" data-widget_type=\"spacer.default\">\n\t\t\t\t<div class=\"elementor-widget-container\">\n\t\t\t\t\t\t\t<div class=\"elementor-spacer\">\n\t\t\t<div class=\"elementor-spacer-inner\"><\/div>\n\t\t<\/div>\n\t\t\t\t\t\t<\/div>\n\t\t\t\t<\/div>\n\t\t\t\t\t<\/div>\n\t\t\t\t<\/div>\n\t\t\t\t<\/div>\n\t\t","protected":false},"excerpt":{"rendered":"<p>CANALES DE COMUNICACI\u00d3N OFICIALES Evita estafas revisando nuestros canales de comunicaci\u00f3n oficiales. Si te contactan desde un n\u00famero o correo electr\u00f3nico no listado aqu\u00ed, no dudes en hac\u00e9rnoslo saber. Tu seguridad es nuestra prioridad. RESERVACIONES Temptation Grand Cruises Tel\u00e9fono: LLAME SIN COSTO USA CAN: 1 888 299 7705 LLAME SIN COSTO M\u00c9XICO: 800 215 1000 LLAME SIN COSTO R.U: 800 084 3496 LLAME SIN COSTO ESP: 800 080 037 LLAME SIN COSTO DEU: 32 214 219 683 DIRECTO: 52 998 193 2389 \u00a0Horario de Atenci\u00f3n \u2013 Call Center (Hora del Este \u2013 EST) Lunes a Viernes:7:00 a.m. \u2013 10:00 p.m. S\u00e1bados:9:00 a.m. \u2013 5:30 p.m. Domingos:9:00 a.m. \u2013 5:00 p.m. \u00a0 Correos electr\u00f3nicos: cruises2@original-group.com book@originalcruises.com<\/p>\n","protected":false},"author":1,"featured_media":0,"parent":0,"menu_order":0,"comment_status":"closed","ping_status":"closed","template":"elementor_canvas","meta":{"footnotes":""},"class_list":["post-8967","page","type-page","status-publish","hentry"],"acf":[],"publishpress_future_action":{"enabled":false,"date":"2026-05-21 12:18:18","action":"change-status","newStatus":"draft","terms":[],"taxonomy":"translation_priority","extraData":[]},"publishpress_future_workflow_manual_trigger":{"enabledWorkflows":[]},"_links":{"self":[{"href":"https:\/\/temptationcruises.com\/es\/wp-json\/wp\/v2\/pages\/8967","targetHints":{"allow":["GET"]}}],"collection":[{"href":"https:\/\/temptationcruises.com\/es\/wp-json\/wp\/v2\/pages"}],"about":[{"href":"https:\/\/temptationcruises.com\/es\/wp-json\/wp\/v2\/types\/page"}],"author":[{"embeddable":true,"href":"https:\/\/temptationcruises.com\/es\/wp-json\/wp\/v2\/users\/1"}],"replies":[{"embeddable":true,"href":"https:\/\/temptationcruises.com\/es\/wp-json\/wp\/v2\/comments?post=8967"}],"version-history":[{"count":10,"href":"https:\/\/temptationcruises.com\/es\/wp-json\/wp\/v2\/pages\/8967\/revisions"}],"predecessor-version":[{"id":20591,"href":"https:\/\/temptationcruises.com\/es\/wp-json\/wp\/v2\/pages\/8967\/revisions\/20591"}],"wp:attachment":[{"href":"https:\/\/temptationcruises.com\/es\/wp-json\/wp\/v2\/media?parent=8967"}],"curies":[{"name":"wp","href":"https:\/\/api.w.org\/{rel}","templated":true}]}}